{"id":58312,"date":"2022-02-21T13:57:31","date_gmt":"2022-02-21T13:57:31","guid":{"rendered":"https:\/\/www.ercatcs.com\/product\/blancolux-ml-t\/"},"modified":"2025-11-18T09:09:28","modified_gmt":"2025-11-18T08:09:28","slug":"blancolux-ml-t","status":"publish","type":"product","link":"https:\/\/www.ercatcs.com\/vi\/product\/blancolux-ml-t\/","title":{"rendered":"Blancolux\u00ae ML\/T"},"content":{"rendered":"<h3>Ch\u1ea5t t\u0103ng tr\u1eafng quang h\u1ecdc d\u00e0nh cho s\u1ee3i cellulosic c\u00f3 \u00e1i l\u1ef1c trung b\u00ecnh v\u00e0 \u00e1nh t\u00edm \u0111\u1eadm r\u1ef1c r\u1ee1. Ph\u00f9 h\u1ee3p \u0111\u1ec3 s\u1eed d\u1ee5ng cho c\u00e1c quy tr\u00ecnh li\u00ean t\u1ee5c v\u00e0 kh\u00f4ng li\u00ean t\u1ee5c.<\/h3>\n<p>&nbsp;<\/p>\n<div style=\"overflow-x: auto;\">\n<table style=\"height: 200px; width: 100%; border-collapse: collapse; float: left;\" border=\"1\" cellpadding=\"20px\">\n<tbody>\n<tr style=\"height: 0px;\">\n<td style=\"text-align: center; height: 0px; width: 20%; background-color: #f7f7f7;\"><strong>T\u00ean S\u1ea3n Ph\u1ea9m<\/strong><\/td>\n<td style=\"text-align: center; height: 0px; width: 15%; background-color: #f7f7f7;\"><strong> C\u00e1c gi\u1ea5y ch\u1ee9ng nh\u1eadn <\/strong><\/td>\n<td style=\"text-align: center; height: 0px; width: 15%; background-color: #f7f7f7;\"><strong>T\u00ednh ion<\/strong><\/td>\n<td style=\"text-align: center; height: 0px; width: 15%; background-color: #f7f7f7;\"><strong>\u00c1i l\u1ef1c<\/strong><\/td>\n<td style=\"text-align: center; height: 0px; width: 15%; background-color: #f7f7f7;\"><strong>S\u1ee3i<\/strong><\/td>\n<td style=\"text-align: center; height: 0px; width: 20%; background-color: #f7f7f7;\"><strong>\u00c1nh tr\u1eafng<\/strong><\/td>\n<\/tr>\n<tr style=\"height: 24px;\">\n<td style=\"width: 20%; height: 24px; text-align: center;\">Blancolux\u00ae ML\/T<\/td>\n<td style=\"width: 15%; height: 24px; text-align: center;\"><img decoding=\"async\" src=\"https:\/\/www.ercatcs.com\/wp-content\/uploads\/2021\/12\/Pallina-Verde-e1640266441784-02.png\"><\/td>\n<td style=\"width: 15%; height: 24px; text-align: center;\">AN<\/td>\n<td style=\"width: 15%; height: 24px; text-align: center;\">Trung b\u00ecnh<\/td>\n<td style=\"width: 15%; height: 24px; text-align: center;\">Cellulosic<\/td>\n<td style=\"width: 20%; height: 24px; text-align: center;\">T\u00edm<\/td>\n<\/tr>\n<\/tbody>\n<\/table>\n<\/div>\n<p>&nbsp;<\/p>\n<p><strong>C\u00e1c gi\u1ea5y ch\u1ee9ng nh\u1eadn<\/strong><br \/>\n<img decoding=\"async\" src=\"https:\/\/www.ercatcs.com\/wp-content\/uploads\/2021\/12\/Pallina-Verde-e1640266441784-02.png\"> \u0111\u01b0\u1ee3c ch\u1ee9ng nh\u1eadn GOTS.<\/p>\n","protected":false},"excerpt":{"rendered":"<p>Ch\u1ea5t t\u0103ng tr\u1eafng quang h\u1ecdc d\u00e0nh cho s\u1ee3i cellulosic c\u00f3 \u00e1i l\u1ef1c trung b\u00ecnh v\u00e0 \u00e1nh t\u00edm \u0111\u1eadm r\u1ef1c r\u1ee1. Ph\u00f9 h\u1ee3p \u0111\u1ec3 s\u1eed d\u1ee5ng cho c\u00e1c quy tr\u00ecnh li\u00ean t\u1ee5c v\u00e0 kh\u00f4ng li\u00ean t\u1ee5c. &nbsp; T\u00ean S\u1ea3n Ph\u1ea9m C\u00e1c gi\u1ea5y ch\u1ee9ng nh\u1eadn T\u00ednh ion \u00c1i l\u1ef1c S\u1ee3i \u00c1nh tr\u1eafng Blancolux\u00ae ML\/T AN Trung b\u00ecnh [&hellip;]<\/p>\n","protected":false},"featured_media":55835,"comment_status":"open","ping_status":"closed","template":"","meta":{"_et_pb_use_builder":"off","_et_pb_old_content":"<h3>Ch\u1ea5t t\u0103ng tr\u1eafng quang h\u1ecdc c\u00f3 \u00e1i l\u1ef1c r\u1ea5t th\u1ea5p v\u00e0 \u00e1nh trung t\u00ednh \u0111\u1ecf; \u0110\u1ed9 \u1ed5n \u0111\u1ecbnh tuy\u1ec7t v\u1eddi trong m\u00f4i tr\u01b0\u1eddng axit m\u1ea1nh pH (1 \u2013 12). \u0110\u1ed9 tr\u1eafng r\u1ea5t cao do kh\u1ea3 n\u0103ng ph\u00e1t tri\u1ec3n v\u00e0 khu\u1ebfch t\u00e1n t\u1ed1t.\nR\u1ea5t khuy\u1ebfn kh\u00edch s\u1eed d\u1ee5ng cho \u1ee9ng d\u1ee5ng kh\u00f4, \u0111\u1eb7c bi\u1ec7t khi k\u1ebft h\u1ee3p v\u1edbi nh\u1ef1a li\u00ean k\u1ebft ngang v\u00e0 ch\u1ea5t x\u00fac t\u00e1c.<\/h3>\n<table style=\"height: 200px;width: 100%;border-collapse: collapse;float: left\" border=\"1\">\n<tbody>\n<tr style=\"height: 0px\">\n<td style=\"text-align: center;height: 0px;width: 25%;background-color: #f7f7f7\"><strong>T\u00ean s\u1ea3n ph\u1ea9m<\/strong><\/td>\n<td style=\"text-align: center;height: 0px;width: 15%;background-color: #f7f7f7\"><strong>Ch\u1ee9ng nh\u1eadn<\/strong><\/td>\n<td style=\"text-align: center;height: 0px;width: 15%;background-color: #f7f7f7\"><strong>T\u00ednh ion<\/strong><\/td>\n<td style=\"text-align: center;height: 0px;width: 20%;background-color: #f7f7f7\"><strong>S\u1ef1 t\u01b0\u01a1ng th\u00edch<\/strong><\/td>\n<td style=\"text-align: center;height: 0px;width: 20%;background-color: #f7f7f7\"><strong>B\u00f3ng tr\u1eafng<\/strong><\/td>\n<\/tr>\n<tr style=\"height: 24px\">\n<td style=\"width: 20%;height: 24px;text-align: center\">Blancolux\u00ae RL<\/td>\n<td style=\"width: 20%;height: 24px;text-align: center\"><img src=\"https:\/\/www.ercatcs.com\/wp-content\/uploads\/2021\/12\/Pallina-Rossa-e1640266423767.png\"> <img src=\"https:\/\/www.ercatcs.com\/wp-content\/uploads\/2021\/12\/Pallina-Verde-e1640266441784-02.png\"><\/td>\n<td style=\"width: 20%;height: 24px;text-align: center\">AN<\/td>\n<td style=\"width: 20%;height: 24px;text-align: center\">R\u1ea5t Th\u1ea5p<\/td>\n<td style=\"width: 20%;height: 24px;text-align: center\">\u0110\u1ecf Trung T\u00ednh<\/td>\n<\/tr>\n<\/tbody>\n<\/table>\n \n\n \n\n<strong>C\u00e1c gi\u1ea5y ch\u1ee9ng nh\u1eadn<\/strong>\n\n<img src=\"https:\/\/www.ercatcs.com\/wp-content\/uploads\/2021\/12\/Pallina-Rossa-e1640266423767.png\"> \u0110\u01b0\u1ee3c li\u1ec7t k\u00ea trong GATEWAY c\u1ee7a ZDHC.\n<img src=\"https:\/\/www.ercatcs.com\/wp-content\/uploads\/2021\/12\/Pallina-Verde-e1640266441784-02.png\"> \u0110\u00e3 \u0111\u01b0\u1ee3c ph\u00ea duy\u1ec7t cho GOTS.","_et_gb_content_width":""},"product_brand":[],"product_cat":[179],"product_tag":[],"class_list":{"0":"post-58312","1":"product","2":"type-product","3":"status-publish","4":"has-post-thumbnail","6":"product_cat-chua-duoc-phan-loai","8":"first","9":"instock","10":"shipping-taxable","11":"product-type-simple"},"_links":{"self":[{"href":"https:\/\/www.ercatcs.com\/vi\/wp-json\/wp\/v2\/product\/58312","targetHints":{"allow":["GET"]}}],"collection":[{"href":"https:\/\/www.ercatcs.com\/vi\/wp-json\/wp\/v2\/product"}],"about":[{"href":"https:\/\/www.ercatcs.com\/vi\/wp-json\/wp\/v2\/types\/product"}],"replies":[{"embeddable":true,"href":"https:\/\/www.ercatcs.com\/vi\/wp-json\/wp\/v2\/comments?post=58312"}],"wp:featuredmedia":[{"embeddable":true,"href":"https:\/\/www.ercatcs.com\/vi\/wp-json\/wp\/v2\/media\/55835"}],"wp:attachment":[{"href":"https:\/\/www.ercatcs.com\/vi\/wp-json\/wp\/v2\/media?parent=58312"}],"wp:term":[{"taxonomy":"product_brand","embeddable":true,"href":"https:\/\/www.ercatcs.com\/vi\/wp-json\/wp\/v2\/product_brand?post=58312"},{"taxonomy":"product_cat","embeddable":true,"href":"https:\/\/www.ercatcs.com\/vi\/wp-json\/wp\/v2\/product_cat?post=58312"},{"taxonomy":"product_tag","embeddable":true,"href":"https:\/\/www.ercatcs.com\/vi\/wp-json\/wp\/v2\/product_tag?post=58312"}],"curies":[{"name":"wp","href":"https:\/\/api.w.org\/{rel}","templated":true}]}}