{"id":58305,"date":"2022-02-21T14:17:00","date_gmt":"2022-02-21T13:17:00","guid":{"rendered":"https:\/\/www.ercatcs.com\/product\/blancolux-101-3-2\/"},"modified":"2025-01-16T14:16:20","modified_gmt":"2025-01-16T13:16:20","slug":"blancolux-101-3-2","status":"publish","type":"product","link":"https:\/\/www.ercatcs.com\/vi\/product\/blancolux-101-3-2\/","title":{"rendered":"Blancolux\u00ae 101\/3"},"content":{"rendered":"<h3>Ch\u1ea5t t\u0103ng tr\u1eafng quang h\u1ecdc d\u00e0nh cho s\u1ee3i cellulosic c\u00f3 \u00e1i l\u1ef1c cao v\u00e0 \u00e1nh xanh. Ph\u00f9 h\u1ee3p \u0111\u1ec3 s\u1eed d\u1ee5ng cho c\u00e1c quy tr\u00ecnh kh\u00f4ng li\u00ean t\u1ee5c.<\/h3>\n<p>&nbsp;<\/p>\n<div style=\"overflow-x: auto;\">\n<table style=\"height: 200px; width: 100%; border-collapse: collapse; float: left;\" border=\"1\" cellpadding=\"20px\">\n<tbody>\n<tr style=\"height: 0px;\">\n<td style=\"text-align: center; height: 0px; width: 20%; background-color: #f7f7f7;\"><strong>T\u00ean S\u1ea3n Ph\u1ea9m<\/strong><\/td>\n<td style=\"text-align: center; height: 0px; width: 15%; background-color: #f7f7f7;\"><strong> C\u00e1c gi\u1ea5y ch\u1ee9ng nh\u1eadn <\/strong><\/td>\n<td style=\"text-align: center; height: 0px; width: 15%; background-color: #f7f7f7;\"><strong>T\u00ednh ion<\/strong><\/td>\n<td style=\"text-align: center; height: 0px; width: 15%; background-color: #f7f7f7;\"><strong>\u00c1i l\u1ef1c<\/strong><\/td>\n<td style=\"text-align: center; height: 0px; width: 15%; background-color: #f7f7f7;\"><strong>S\u1ee3i<\/strong><\/td>\n<td style=\"text-align: center; height: 0px; width: 20%; background-color: #f7f7f7;\"><strong>\u00c1nh tr\u1eafng<\/strong><\/td>\n<\/tr>\n<tr style=\"height: 24px;\">\n<td style=\"width: 20%; height: 24px; text-align: center;\">Blancolux\u00ae 101\/3<\/td>\n<td style=\"width: 15%; height: 24px; text-align: center;\"><img decoding=\"async\" src=\"https:\/\/www.ercatcs.com\/wp-content\/uploads\/2022\/02\/Pallina-Certificazioni-Gataway-Of-ZDHC-02.png\" \/> <img decoding=\"async\" src=\"https:\/\/www.ercatcs.com\/wp-content\/uploads\/2022\/01\/Pallina-Certificazioni-02.png\" \/><\/td>\n<td style=\"width: 15%; height: 24px; text-align: center;\">AN<\/td>\n<td style=\"width: 15%; height: 24px; text-align: center;\">Cao<\/td>\n<td style=\"width: 15%; height: 24px; text-align: center;\">Cellulosic<\/td>\n<td style=\"width: 20%; height: 24px; text-align: center;\">Xanh<\/td>\n<\/tr>\n<\/tbody>\n<\/table>\n<\/div>\n<p>&nbsp;<\/p>\n<p><strong>C\u00e1c gi\u1ea5y ch\u1ee9ng nh\u1eadn<br \/>\n<\/strong><img decoding=\"async\" src=\"https:\/\/www.ercatcs.com\/wp-content\/uploads\/2022\/02\/Pallina-Certificazioni-Gataway-Of-ZDHC-02.png\" \/> \u0110\u01b0\u1ee3c li\u1ec7t k\u00ea trong GATEWAY c\u1ee7a ZDHC.<br \/>\n<img decoding=\"async\" src=\"https:\/\/www.ercatcs.com\/wp-content\/uploads\/2022\/01\/Pallina-Certificazioni-02.png\" \/> \u0111\u01b0\u1ee3c ch\u1ee9ng nh\u1eadn bluesign\u00ae.<\/p>\n","protected":false},"excerpt":{"rendered":"<p>Ch\u1ea5t t\u0103ng tr\u1eafng quang h\u1ecdc d\u00e0nh cho s\u1ee3i cellulosic c\u00f3 \u00e1i l\u1ef1c cao v\u00e0 \u00e1nh xanh. Ph\u00f9 h\u1ee3p \u0111\u1ec3 s\u1eed d\u1ee5ng cho c\u00e1c quy tr\u00ecnh kh\u00f4ng li\u00ean t\u1ee5c. &nbsp; T\u00ean S\u1ea3n Ph\u1ea9m C\u00e1c gi\u1ea5y ch\u1ee9ng nh\u1eadn T\u00ednh ion \u00c1i l\u1ef1c S\u1ee3i \u00c1nh tr\u1eafng Blancolux\u00ae 101\/3 AN Cao Cellulosic Xanh &nbsp; C\u00e1c gi\u1ea5y ch\u1ee9ng nh\u1eadn \u0110\u01b0\u1ee3c [&hellip;]<\/p>\n","protected":false},"featured_media":55835,"comment_status":"open","ping_status":"closed","template":"","meta":{"_et_pb_use_builder":"off","_et_pb_old_content":"<h3>\u00c1nh xanh r\u1ef1c r\u1ee1, \u1ed5n \u0111\u1ecbnh trong qu\u00e1 tr\u00ecnh t\u1ea9y tr\u1eafng b\u1eb1ng peroxide; \u00e1nh m\u00e0u nhu\u1ed9m kh\u00f4ng \u1ed5n \u0111\u1ecbnh trong c\u00e1c b\u1ec3 kh\u1eed t\u1ea9y tr\u1eafng.<\/h3>\r\n \r\n<div>\r\n<table style=\"height: 200px;width: 100%;border-collapse: collapse;float: left\" border=\"1\" cellpadding=\"20px\">\r\n<tbody>\r\n<tr style=\"height: 0px\">\r\n<td style=\"text-align: center;height: 0px;width: 20%;background-color: #f7f7f7\"><strong>T\u00ean S\u1ea3n Ph\u1ea9m<\/strong><\/td>\r\n<td style=\"text-align: center;height: 0px;width: 15%;background-color: #f7f7f7\"><strong> C\u00e1c gi\u1ea5y ch\u1ee9ng nh\u1eadn <\/strong><\/td>\r\n<td style=\"text-align: center;height: 0px;width: 15%;background-color: #f7f7f7\"><strong>T\u00ednh ion<\/strong><\/td>\r\n<td style=\"text-align: center;height: 0px;width: 15%;background-color: #f7f7f7\"><strong>\u00c1i l\u1ef1c<\/strong><\/td>\r\n<td style=\"text-align: center;height: 0px;width: 15%;background-color: #f7f7f7\"><strong>S\u1ee3i<\/strong><\/td>\r\n<td style=\"text-align: center;height: 0px;width: 20%;background-color: #f7f7f7\"><strong>\u00c1nh tr\u1eafng<\/strong><\/td>\r\n<\/tr>\r\n<tr style=\"height: 24px\">\r\n<td style=\"width: 20%;height: 24px;text-align: center\">Blancolux\u00ae 2RN<\/td>\r\n<td style=\"width: 15%;height: 24px;text-align: center\">-<\/td>\r\n<td style=\"width: 15%;height: 24px;text-align: center\">AN<\/td>\r\n<td style=\"width: 15%;height: 24px;text-align: center\">Cao<\/td>\r\n<td style=\"width: 15%;height: 24px;text-align: center\">Xenlulo<\/td>\r\n<td style=\"width: 20%;height: 24px;text-align: center\">Xanh<\/td>\r\n<\/tr>\r\n<\/tbody>\r\n<\/table>\r\n<\/div>","_et_gb_content_width":""},"product_brand":[],"product_cat":[193,179],"product_tag":[],"class_list":{"0":"post-58305","1":"product","2":"type-product","3":"status-publish","4":"has-post-thumbnail","6":"product_cat-blancolux-vi","7":"product_cat-chua-duoc-phan-loai","9":"first","10":"instock","11":"shipping-taxable","12":"product-type-simple"},"_links":{"self":[{"href":"https:\/\/www.ercatcs.com\/vi\/wp-json\/wp\/v2\/product\/58305","targetHints":{"allow":["GET"]}}],"collection":[{"href":"https:\/\/www.ercatcs.com\/vi\/wp-json\/wp\/v2\/product"}],"about":[{"href":"https:\/\/www.ercatcs.com\/vi\/wp-json\/wp\/v2\/types\/product"}],"replies":[{"embeddable":true,"href":"https:\/\/www.ercatcs.com\/vi\/wp-json\/wp\/v2\/comments?post=58305"}],"wp:featuredmedia":[{"embeddable":true,"href":"https:\/\/www.ercatcs.com\/vi\/wp-json\/wp\/v2\/media\/55835"}],"wp:attachment":[{"href":"https:\/\/www.ercatcs.com\/vi\/wp-json\/wp\/v2\/media?parent=58305"}],"wp:term":[{"taxonomy":"product_brand","embeddable":true,"href":"https:\/\/www.ercatcs.com\/vi\/wp-json\/wp\/v2\/product_brand?post=58305"},{"taxonomy":"product_cat","embeddable":true,"href":"https:\/\/www.ercatcs.com\/vi\/wp-json\/wp\/v2\/product_cat?post=58305"},{"taxonomy":"product_tag","embeddable":true,"href":"https:\/\/www.ercatcs.com\/vi\/wp-json\/wp\/v2\/product_tag?post=58305"}],"curies":[{"name":"wp","href":"https:\/\/api.w.org\/{rel}","templated":true}]}}