{"id":58232,"date":"2022-02-22T08:18:41","date_gmt":"2022-02-22T07:18:41","guid":{"rendered":"https:\/\/www.ercatcs.com\/product\/ercawax-4000-2l\/"},"modified":"2024-06-27T10:27:51","modified_gmt":"2024-06-27T08:27:51","slug":"ercawax-4000-2l","status":"publish","type":"product","link":"https:\/\/www.ercatcs.com\/vi\/product\/ercawax-4000-2l\/","title":{"rendered":"Ercawax 4000\/2L"},"content":{"rendered":"<h3>Polyethylene glycol trong l\u01b0\u1ee3ng ph\u00e2n t\u1eed cao. R\u1ea5t hi\u1ec7u qu\u1ea3 trong vi\u1ec7c c\u1ea3i thi\u1ec7n hi\u1ec7u \u1ee9ng \u00e1nh m\u00e0u sau c\u00e1c qu\u00e1 tr\u00ecnh c\u00e1n \u00e9p. <\/h3>\n<p>&nbsp;<\/p>\n<div style=\"overflow-x: auto;\">\n<table style=\"height: 200px; width: 100%; border-collapse: collapse; float: left;\" border=\"1\" cellpadding=\"20px\">\n<tbody>\n<tr style=\"height: 0px;\">\n<td style=\"text-align: center; height: 0px; width: 20%; background-color: #f7f7f7;\"><strong>T\u00ean S\u1ea3n Ph\u1ea9m<\/strong><\/td>\n<td style=\"text-align: center; height: 0px; width: 20%; background-color: #f7f7f7;\"><strong> C\u00e1c gi\u1ea5y ch\u1ee9ng nh\u1eadn <\/strong><\/td>\n<td style=\"text-align: center; height: 0px; width: 20%; background-color: #f7f7f7;\"><strong>T\u00ednh ion<\/strong><\/td>\n<td style=\"text-align: center; height: 0px; width: 20%; background-color: #f7f7f7;\"><strong>C\u00e1c Qui tr\u00ecnh \u1ee8ng D\u1ee5ng.<\/strong><\/td>\n<td style=\"text-align: center; height: 0px; width: 20%; background-color: #f7f7f7;\"><strong>S\u1ee3i<\/strong><\/td>\n<\/tr>\n<tr style=\"height: 24px;\">\n<td style=\"width: 20%; height: 24px; text-align: center;\">Ercawax 4000\/2L<\/td>\n<td style=\"width: 20%; height: 24px; text-align: center;\">&#8211;<\/td>\n<td style=\"width: 20%; height: 24px; text-align: center;\">NI<\/td>\n<td style=\"width: 20%; height: 24px; text-align: center;\">Ng\u1ea5m \u00e9p<\/td>\n<td style=\"width: 20%; height: 24px; text-align: center;\">Cellulosic<\/td>\n<\/tr>\n<\/tbody>\n<\/table>\n<\/div>\n","protected":false},"excerpt":{"rendered":"<p>Polyethylene glycol trong l\u01b0\u1ee3ng ph\u00e2n t\u1eed cao. R\u1ea5t hi\u1ec7u qu\u1ea3 trong vi\u1ec7c c\u1ea3i thi\u1ec7n hi\u1ec7u \u1ee9ng \u00e1nh m\u00e0u sau c\u00e1c qu\u00e1 tr\u00ecnh c\u00e1n \u00e9p. &nbsp; T\u00ean S\u1ea3n Ph\u1ea9m C\u00e1c gi\u1ea5y ch\u1ee9ng nh\u1eadn T\u00ednh ion C\u00e1c Qui tr\u00ecnh \u1ee8ng D\u1ee5ng. S\u1ee3i Ercawax 4000\/2L &#8211; NI Ng\u1ea5m \u00e9p Cellulosic<\/p>\n","protected":false},"featured_media":55835,"comment_status":"open","ping_status":"closed","template":"","meta":{"_et_pb_use_builder":"off","_et_pb_old_content":"<h3>Ch\u1ea5t t\u1ea9y r\u1eeda, ch\u1ea5t nh\u0169 h\u00f3a v\u00e0 ch\u1ea5t ph\u00e2n t\u00e1n c\u00f3 t\u00e1c d\u1ee5ng lo\u1ea1i b\u1ecf d\u1ea7u r\u1ea5t t\u1ed1t. \u00cdt t\u1ea1o b\u1ecdt v\u00e0 kh\u1ea3 n\u0103ng ph\u00e2n h\u1ee7y sinh h\u1ecdc t\u1ed1t. Th\u00edch h\u1ee3p \u0111\u1ec3 n\u1ea5u, t\u1ea9y tr\u1eafng v\u00e0 gi\u1eb7t trong qui tr\u00ecnh li\u00ean t\u1ee5c v\u00e0 gi\u00e1n \u0111o\u1ea1n tr\u00ean t\u1ea5t c\u1ea3 c\u00e1c lo\u1ea1i s\u1ee3i.  <\/h3>\n \n<table style=\"height: 300px;width: 100%;border-collapse: collapse;float: left\" border=\"1\">\n<tbody>\n<tr style=\"height: 0px\">\n<td style=\"text-align: center;height: 0px;width: 25%;background-color: #f7f7f7\"><strong>T\u00ean S\u1ea3n Ph\u1ea9m<\/strong><\/td>\n<td style=\"text-align: center;height: 0px;width: 15%;background-color: #f7f7f7\"><strong> C\u00e1c gi\u1ea5y ch\u1ee9ng nh\u1eadn <\/strong><\/td>\n<td style=\"text-align: center;height: 0px;width: 15%;background-color: #f7f7f7\"><strong>T\u00ednh ion<\/strong><\/td>\n<td style=\"text-align: center;height: 0px;width: 20%;background-color: #f7f7f7\"><strong>C\u00e1c Qui tr\u00ecnh \u1ee8ng D\u1ee5ng.<\/strong><\/td>\n<\/tr>\n<tr style=\"height: 24px\">\n<td style=\"width: 25%;height: 24px;text-align: center\">Solvipol ECL<\/td>\n<td style=\"width: 15%;height: 24px;text-align: center\"><img src=\"https:\/\/www.ercatcs.com\/wp-content\/uploads\/2021\/12\/Pallina-Rossa-e1640266423767.png\"> <img src=\"https:\/\/www.ercatcs.com\/wp-content\/uploads\/2022\/01\/Pallina-Certificazioni-02.png\"> <img src=\"https:\/\/www.ercatcs.com\/wp-content\/uploads\/2021\/12\/Pallina-Verde-e1640266441784-02.png\"><\/td>\n<td style=\"width: 15%;height: 24px;text-align: center\">NI<\/td>\n<td style=\"width: 20%;height: 24px;text-align: center\">Ti\u1ec1n X\u1eef L\u00fd, Nhu\u1ed9m<\/td>\n<\/tr>\n<\/tbody>\n<\/table>\n \n\n \n\n<strong>C\u00e1c gi\u1ea5y ch\u1ee9ng nh\u1eadn<\/strong>\n\n<img src=\"https:\/\/www.ercatcs.com\/wp-content\/uploads\/2021\/12\/Pallina-Rossa-e1640266423767.png\"> \u0110\u01b0\u1ee3c li\u1ec7t k\u00ea trong GATEWAY c\u1ee7a ZDHC.\n<img src=\"https:\/\/www.ercatcs.com\/wp-content\/uploads\/2022\/01\/Pallina-Certificazioni-02.png\"> \u0110\u01b0\u1ee3c ph\u00ea duy\u1ec7t theo ti\u00eau ch\u00ed h\u1ec7 th\u1ed1ng bluesign\u00ae.\n<img src=\"https:\/\/www.ercatcs.com\/wp-content\/uploads\/2021\/12\/Pallina-Verde-e1640266441784-02.png\"> \u0110\u00e3 \u0111\u01b0\u1ee3c ph\u00ea duy\u1ec7t cho GOTS.","_et_gb_content_width":""},"product_brand":[],"product_cat":[179],"product_tag":[],"class_list":{"0":"post-58232","1":"product","2":"type-product","3":"status-publish","4":"has-post-thumbnail","6":"product_cat-chua-duoc-phan-loai","8":"first","9":"instock","10":"shipping-taxable","11":"product-type-simple"},"_links":{"self":[{"href":"https:\/\/www.ercatcs.com\/vi\/wp-json\/wp\/v2\/product\/58232","targetHints":{"allow":["GET"]}}],"collection":[{"href":"https:\/\/www.ercatcs.com\/vi\/wp-json\/wp\/v2\/product"}],"about":[{"href":"https:\/\/www.ercatcs.com\/vi\/wp-json\/wp\/v2\/types\/product"}],"replies":[{"embeddable":true,"href":"https:\/\/www.ercatcs.com\/vi\/wp-json\/wp\/v2\/comments?post=58232"}],"wp:featuredmedia":[{"embeddable":true,"href":"https:\/\/www.ercatcs.com\/vi\/wp-json\/wp\/v2\/media\/55835"}],"wp:attachment":[{"href":"https:\/\/www.ercatcs.com\/vi\/wp-json\/wp\/v2\/media?parent=58232"}],"wp:term":[{"taxonomy":"product_brand","embeddable":true,"href":"https:\/\/www.ercatcs.com\/vi\/wp-json\/wp\/v2\/product_brand?post=58232"},{"taxonomy":"product_cat","embeddable":true,"href":"https:\/\/www.ercatcs.com\/vi\/wp-json\/wp\/v2\/product_cat?post=58232"},{"taxonomy":"product_tag","embeddable":true,"href":"https:\/\/www.ercatcs.com\/vi\/wp-json\/wp\/v2\/product_tag?post=58232"}],"curies":[{"name":"wp","href":"https:\/\/api.w.org\/{rel}","templated":true}]}}