{"id":58231,"date":"2022-02-22T08:20:25","date_gmt":"2022-02-22T07:20:25","guid":{"rendered":"https:\/\/www.ercatcs.com\/product\/ercawax-prf\/"},"modified":"2025-01-16T12:00:17","modified_gmt":"2025-01-16T11:00:17","slug":"ercawax-prf","status":"publish","type":"product","link":"https:\/\/www.ercatcs.com\/vi\/product\/ercawax-prf\/","title":{"rendered":"Ercawax PRF"},"content":{"rendered":"<h3>S\u1ef1 k\u1ebft h\u1ee3p n\u0103ng su\u1ea5t cao gi\u1eefa c\u00e1c lo\u1ea1i s\u00e1p, \u0111\u01b0\u1ee3c ph\u00e1t tri\u1ec3n \u0111\u1ec3 gi\u1ea3m ma s\u00e1t s\u1ee3i \/ kim lo\u1ea1i v\u00e0 ma s\u00e1t s\u1ee3i \/ s\u1ee3i. Th\u00edch h\u1ee3p \u0111\u1ec3 d\u00f9ng cho nhi\u1ec1u lo\u1ea1i s\u1ee3i kh\u00e1c nhau.<\/h3>\n<p>&nbsp;<\/p>\n<div style=\"overflow-x: auto;\">\n<table style=\"height: 200px; width: 100%; border-collapse: collapse; float: left;\" border=\"1\" cellpadding=\"20px\">\n<tbody>\n<tr style=\"height: 0px;\">\n<td style=\"text-align: center; height: 0px; width: 20%; background-color: #f7f7f7;\"><strong>T\u00ean S\u1ea3n Ph\u1ea9m<\/strong><\/td>\n<td style=\"text-align: center; height: 0px; width: 20%; background-color: #f7f7f7;\"><strong> C\u00e1c gi\u1ea5y ch\u1ee9ng nh\u1eadn <\/strong><\/td>\n<td style=\"text-align: center; height: 0px; width: 20%; background-color: #f7f7f7;\"><strong>T\u00ednh ion<\/strong><\/td>\n<td style=\"text-align: center; height: 0px; width: 20%; background-color: #f7f7f7;\"><strong>C\u00e1c Qui tr\u00ecnh \u1ee8ng D\u1ee5ng.<\/strong><\/td>\n<td style=\"text-align: center; height: 0px; width: 20%; background-color: #f7f7f7;\"><strong>S\u1ee3i<\/strong><\/td>\n<\/tr>\n<tr style=\"height: 24px;\">\n<td style=\"width: 20%; height: 24px; text-align: center;\">Ercawax PRF<\/td>\n<td style=\"width: 20%; height: 24px; text-align: center;\"><a href=\"https:\/\/www.ercatcs.com\/wp-content\/uploads\/2022\/02\/Pallina-Certificazioni-Gataway-Of-ZDHC-02.png\"><img decoding=\"async\" src=\"https:\/\/www.ercatcs.com\/wp-content\/uploads\/2022\/02\/Pallina-Certificazioni-Gataway-Of-ZDHC-02.png\" \/><\/a><img decoding=\"async\" src=\"https:\/\/www.ercatcs.com\/wp-content\/uploads\/2022\/01\/Pallina-Certificazioni-02.png\" \/><img decoding=\"async\" src=\"https:\/\/www.ercatcs.com\/wp-content\/uploads\/2021\/12\/Pallina-Verde-e1640266441784-02.png\" \/><\/td>\n<td style=\"width: 20%; height: 24px; text-align: center;\">Cation<\/td>\n<td style=\"width: 20%; height: 24px; text-align: center;\">T\u1eadn tr\u00edch<\/td>\n<td style=\"width: 20%; height: 24px; text-align: center;\">Cellulosic, Polyester<\/td>\n<\/tr>\n<\/tbody>\n<\/table>\n<\/div>\n<p>&nbsp;<\/p>\n<p><strong>C\u00e1c gi\u1ea5y ch\u1ee9ng nh\u1eadn<br \/>\n<img decoding=\"async\" src=\"https:\/\/www.ercatcs.com\/wp-content\/uploads\/2022\/02\/Pallina-Certificazioni-Gataway-Of-ZDHC-02.png\" \/><\/strong> \u0110\u01b0\u1ee3c li\u1ec7t k\u00ea trong GATEWAY c\u1ee7a ZDHC.<br \/>\n<img decoding=\"async\" src=\"https:\/\/www.ercatcs.com\/wp-content\/uploads\/2022\/01\/Pallina-Certificazioni-02.png\" \/> \u0111\u01b0\u1ee3c ch\u1ee9ng nh\u1eadn bluesign\u00ae.<br \/>\n<img decoding=\"async\" src=\"https:\/\/www.ercatcs.com\/wp-content\/uploads\/2021\/12\/Pallina-Verde-e1640266441784-02.png\" \/> \u0111\u01b0\u1ee3c ch\u1ee9ng nh\u1eadn GOTS.<\/p>\n","protected":false},"excerpt":{"rendered":"<p>S\u1ef1 k\u1ebft h\u1ee3p n\u0103ng su\u1ea5t cao gi\u1eefa c\u00e1c lo\u1ea1i s\u00e1p, \u0111\u01b0\u1ee3c ph\u00e1t tri\u1ec3n \u0111\u1ec3 gi\u1ea3m ma s\u00e1t s\u1ee3i \/ kim lo\u1ea1i v\u00e0 ma s\u00e1t s\u1ee3i \/ s\u1ee3i. Th\u00edch h\u1ee3p \u0111\u1ec3 d\u00f9ng cho nhi\u1ec1u lo\u1ea1i s\u1ee3i kh\u00e1c nhau. &nbsp; T\u00ean S\u1ea3n Ph\u1ea9m C\u00e1c gi\u1ea5y ch\u1ee9ng nh\u1eadn T\u00ednh ion C\u00e1c Qui tr\u00ecnh \u1ee8ng D\u1ee5ng. S\u1ee3i Ercawax PRF [&hellip;]<\/p>\n","protected":false},"featured_media":55835,"comment_status":"open","ping_status":"closed","template":"","meta":{"_et_pb_use_builder":"off","_et_pb_old_content":"<h3>Ch\u1ea5t t\u1ea9y r\u1eeda, ch\u1ea5t nh\u0169 h\u00f3a v\u00e0 ch\u1ea5t ph\u00e2n t\u00e1n c\u00f3 t\u00e1c d\u1ee5ng lo\u1ea1i b\u1ecf d\u1ea7u r\u1ea5t t\u1ed1t. \u00cdt t\u1ea1o b\u1ecdt v\u00e0 kh\u1ea3 n\u0103ng ph\u00e2n h\u1ee7y sinh h\u1ecdc t\u1ed1t. Th\u00edch h\u1ee3p \u0111\u1ec3 n\u1ea5u, t\u1ea9y tr\u1eafng v\u00e0 gi\u1eb7t trong qui tr\u00ecnh li\u00ean t\u1ee5c v\u00e0 gi\u00e1n \u0111o\u1ea1n tr\u00ean t\u1ea5t c\u1ea3 c\u00e1c lo\u1ea1i s\u1ee3i.  <\/h3>\r\n \r\n<table style=\"height: 300px;width: 100%;border-collapse: collapse;float: left\" border=\"1\">\r\n<tbody>\r\n<tr style=\"height: 0px\">\r\n<td style=\"text-align: center;height: 0px;width: 25%;background-color: #f7f7f7\"><strong>T\u00ean S\u1ea3n Ph\u1ea9m<\/strong><\/td>\r\n<td style=\"text-align: center;height: 0px;width: 15%;background-color: #f7f7f7\"><strong> C\u00e1c gi\u1ea5y ch\u1ee9ng nh\u1eadn <\/strong><\/td>\r\n<td style=\"text-align: center;height: 0px;width: 15%;background-color: #f7f7f7\"><strong>T\u00ednh ion<\/strong><\/td>\r\n<td style=\"text-align: center;height: 0px;width: 20%;background-color: #f7f7f7\"><strong>C\u00e1c Qui tr\u00ecnh \u1ee8ng D\u1ee5ng.<\/strong><\/td>\r\n<\/tr>\r\n<tr style=\"height: 24px\">\r\n<td style=\"width: 25%;height: 24px;text-align: center\">Solvipol ECL<\/td>\r\n<td style=\"width: 15%;height: 24px;text-align: center\"><img src=\"https:\/\/www.ercatcs.com\/wp-content\/uploads\/2021\/12\/Pallina-Rossa-e1640266423767.png\"> <img src=\"https:\/\/www.ercatcs.com\/wp-content\/uploads\/2022\/01\/Pallina-Certificazioni-02.png\"> <img src=\"https:\/\/www.ercatcs.com\/wp-content\/uploads\/2021\/12\/Pallina-Verde-e1640266441784-02.png\"><\/td>\r\n<td style=\"width: 15%;height: 24px;text-align: center\">NI<\/td>\r\n<td style=\"width: 20%;height: 24px;text-align: center\">Ti\u1ec1n X\u1eef L\u00fd, Nhu\u1ed9m<\/td>\r\n<\/tr>\r\n<\/tbody>\r\n<\/table>\r\n \r\n\r\n \r\n\r\n<strong>C\u00e1c gi\u1ea5y ch\u1ee9ng nh\u1eadn<\/strong>\r\n\r\n<img src=\"https:\/\/www.ercatcs.com\/wp-content\/uploads\/2021\/12\/Pallina-Rossa-e1640266423767.png\"> \u0110\u01b0\u1ee3c li\u1ec7t k\u00ea trong GATEWAY c\u1ee7a ZDHC.\r\n<img src=\"https:\/\/www.ercatcs.com\/wp-content\/uploads\/2022\/01\/Pallina-Certificazioni-02.png\"> \u0110\u01b0\u1ee3c ph\u00ea duy\u1ec7t theo ti\u00eau ch\u00ed h\u1ec7 th\u1ed1ng bluesign\u00ae.\r\n<img src=\"https:\/\/www.ercatcs.com\/wp-content\/uploads\/2021\/12\/Pallina-Verde-e1640266441784-02.png\"> \u0110\u00e3 \u0111\u01b0\u1ee3c ph\u00ea duy\u1ec7t cho GOTS.","_et_gb_content_width":""},"product_brand":[],"product_cat":[179],"product_tag":[],"class_list":{"0":"post-58231","1":"product","2":"type-product","3":"status-publish","4":"has-post-thumbnail","6":"product_cat-chua-duoc-phan-loai","8":"first","9":"instock","10":"shipping-taxable","11":"product-type-simple"},"_links":{"self":[{"href":"https:\/\/www.ercatcs.com\/vi\/wp-json\/wp\/v2\/product\/58231","targetHints":{"allow":["GET"]}}],"collection":[{"href":"https:\/\/www.ercatcs.com\/vi\/wp-json\/wp\/v2\/product"}],"about":[{"href":"https:\/\/www.ercatcs.com\/vi\/wp-json\/wp\/v2\/types\/product"}],"replies":[{"embeddable":true,"href":"https:\/\/www.ercatcs.com\/vi\/wp-json\/wp\/v2\/comments?post=58231"}],"wp:featuredmedia":[{"embeddable":true,"href":"https:\/\/www.ercatcs.com\/vi\/wp-json\/wp\/v2\/media\/55835"}],"wp:attachment":[{"href":"https:\/\/www.ercatcs.com\/vi\/wp-json\/wp\/v2\/media?parent=58231"}],"wp:term":[{"taxonomy":"product_brand","embeddable":true,"href":"https:\/\/www.ercatcs.com\/vi\/wp-json\/wp\/v2\/product_brand?post=58231"},{"taxonomy":"product_cat","embeddable":true,"href":"https:\/\/www.ercatcs.com\/vi\/wp-json\/wp\/v2\/product_cat?post=58231"},{"taxonomy":"product_tag","embeddable":true,"href":"https:\/\/www.ercatcs.com\/vi\/wp-json\/wp\/v2\/product_tag?post=58231"}],"curies":[{"name":"wp","href":"https:\/\/api.w.org\/{rel}","templated":true}]}}