{"id":58227,"date":"2022-02-22T08:29:10","date_gmt":"2022-02-22T07:29:10","guid":{"rendered":"https:\/\/www.ercatcs.com\/product\/lausoft-sc-2\/"},"modified":"2024-07-03T09:28:47","modified_gmt":"2024-07-03T07:28:47","slug":"lausoft-sc-2","status":"publish","type":"product","link":"https:\/\/www.ercatcs.com\/vi\/product\/lausoft-sc-2\/","title":{"rendered":"Lausoft SC"},"content":{"rendered":"<h3>Vi nh\u0169 t\u01b0\u01a1ng silicon ch\u1ea5t l\u01b0\u1ee3ng cao d\u00f9ng cho m\u1ecdi lo\u1ea1i s\u1ee3i: mang l\u1ea1i hi\u1ec7u \u1ee9ng m\u1ec1m m\u1ea1i, m\u01b0\u1edbt v\u00e0 l\u00e1ng m\u1ecbn. Do \u0111\u1ed9 m\u1ecbn \u1edf d\u1ea1ng nh\u0169 c\u1ee7a h\u00f3a ch\u1ea5t, s\u1ea3n ph\u1ea9m ng\u1ea5m s\u00e2u v\u00e0 \u0111\u1ed3ng \u0111\u1ec1u v\u00e0o s\u1ee3i, t\u0103ng c\u01b0\u1eddng hi\u1ec7u qu\u1ea3 ho\u00e0n t\u1ea5t. Kh\u00f4ng \u1ea3nh h\u01b0\u1edfng \u0111\u1ebfn \u0111\u1ed9 tr\u1eafng. C\u1ea3i thi\u1ec7n kh\u1ea3 n\u0103ng may.   <\/h3>\n<p>&nbsp;<\/p>\n<div style=\"overflow-x: auto;\">\n<table style=\"height: 200px; width: 100%; border-collapse: collapse; float: left;\" border=\"1\" cellpadding=\"20px\">\n<tbody>\n<tr style=\"height: 0px;\">\n<td style=\"text-align: center; height: 0px; width: 20%; background-color: #f7f7f7;\"><strong>T\u00ean S\u1ea3n Ph\u1ea9m<\/strong><\/td>\n<td style=\"text-align: center; height: 0px; width: 20%; background-color: #f7f7f7;\"><strong> C\u00e1c gi\u1ea5y ch\u1ee9ng nh\u1eadn <\/strong><\/td>\n<td style=\"text-align: center; height: 0px; width: 20%; background-color: #f7f7f7;\"><strong>T\u00ednh ion<\/strong><\/td>\n<td style=\"text-align: center; height: 0px; width: 20%; background-color: #f7f7f7;\"><strong>C\u00e1c Qui tr\u00ecnh \u1ee8ng D\u1ee5ng.<\/strong><\/td>\n<td style=\"text-align: center; height: 0px; width: 20%; background-color: #f7f7f7;\"><strong>S\u1ee3i<\/strong><\/td>\n<\/tr>\n<tr style=\"height: 24px;\">\n<td style=\"width: 20%; height: 24px; text-align: center;\">Lausoft SC<\/td>\n<td style=\"width: 20%; height: 24px; text-align: center;\"><img decoding=\"async\" src=\"https:\/\/www.ercatcs.com\/wp-content\/uploads\/2022\/02\/Pallina-Certificazioni-Gataway-Of-ZDHC-02.png\"> <img decoding=\"async\" src=\"https:\/\/www.ercatcs.com\/wp-content\/uploads\/2022\/01\/Pallina-Certificazioni-02.png\"> <img decoding=\"async\" src=\"https:\/\/www.ercatcs.com\/wp-content\/uploads\/2021\/12\/Pallina-Verde-e1640266441784-02.png\"><\/td>\n<td style=\"width: 20%; height: 24px; text-align: center;\">Cationic y\u1ebfu<\/td>\n<td style=\"width: 20%; height: 24px; text-align: center;\">T\u1eadn tr\u00edch &#8211; Ng\u1ea5m \u00e9p<\/td>\n<td style=\"width: 20%; height: 24px; text-align: center;\">Cellulosic<\/td>\n<\/tr>\n<\/tbody>\n<\/table>\n<\/div>\n<p><strong>C\u00e1c gi\u1ea5y ch\u1ee9ng nh\u1eadn<\/strong><\/p>\n<p><img decoding=\"async\" src=\"https:\/\/www.ercatcs.com\/wp-content\/uploads\/2022\/02\/Pallina-Certificazioni-Gataway-Of-ZDHC-02.png\"> \u0110\u01b0\u1ee3c li\u1ec7t k\u00ea trong GATEWAY c\u1ee7a ZDHC.<br \/>\n<img decoding=\"async\" src=\"https:\/\/www.ercatcs.com\/wp-content\/uploads\/2022\/01\/Pallina-Certificazioni-02.png\"> \u0111\u01b0\u1ee3c ch\u1ee9ng nh\u1eadn bluesign\u00ae.<br \/>\n<img decoding=\"async\" src=\"https:\/\/www.ercatcs.com\/wp-content\/uploads\/2021\/12\/Pallina-Verde-e1640266441784-02.png\"> \u0111\u01b0\u1ee3c ch\u1ee9ng nh\u1eadn GOTS.<\/p>\n","protected":false},"excerpt":{"rendered":"<p>Vi nh\u0169 t\u01b0\u01a1ng silicon ch\u1ea5t l\u01b0\u1ee3ng cao d\u00f9ng cho m\u1ecdi lo\u1ea1i s\u1ee3i: mang l\u1ea1i hi\u1ec7u \u1ee9ng m\u1ec1m m\u1ea1i, m\u01b0\u1edbt v\u00e0 l\u00e1ng m\u1ecbn. Do \u0111\u1ed9 m\u1ecbn \u1edf d\u1ea1ng nh\u0169 c\u1ee7a h\u00f3a ch\u1ea5t, s\u1ea3n ph\u1ea9m ng\u1ea5m s\u00e2u v\u00e0 \u0111\u1ed3ng \u0111\u1ec1u v\u00e0o s\u1ee3i, t\u0103ng c\u01b0\u1eddng hi\u1ec7u qu\u1ea3 ho\u00e0n t\u1ea5t. Kh\u00f4ng \u1ea3nh h\u01b0\u1edfng \u0111\u1ebfn \u0111\u1ed9 tr\u1eafng. C\u1ea3i thi\u1ec7n kh\u1ea3 [&hellip;]<\/p>\n","protected":false},"featured_media":55835,"comment_status":"open","ping_status":"closed","template":"","meta":{"_et_pb_use_builder":"off","_et_pb_old_content":"<h3>Vi nh\u0169 t\u01b0\u01a1ng silicon ch\u1ea5t l\u01b0\u1ee3ng cao d\u00f9ng cho m\u1ecdi lo\u1ea1i s\u1ee3i: mang l\u1ea1i hi\u1ec7u \u1ee9ng m\u1ec1m m\u1ea1i, flowing v\u00e0 l\u00e1ng m\u1ecbn. Do \u0111\u1ed9 m\u1ecbn \u1edf d\u1ea1ng nh\u0169 c\u1ee7a h\u00f3a ch\u1ea5t, s\u1ea3n ph\u1ea9m ng\u1ea5m s\u00e2u v\u00e0 \u0111\u1ed3ng \u0111\u1ec1u v\u00e0o s\u1ee3i, t\u0103ng c\u01b0\u1eddng hi\u1ec7u qu\u1ea3 ho\u00e0n t\u1ea5t. Kh\u00f4ng \u1ea3nh h\u01b0\u1edfng \u0111\u1ebfn \u0111\u1ed9 tr\u1eafng. C\u1ea3i thi\u1ec7n kh\u1ea3 n\u0103ng may.   <\/h3>\n \n<div>\n<table style=\"height: 200px;width: 100%;border-collapse: collapse;float: left\" border=\"1\" cellpadding=\"20px\">\n<tbody>\n<tr style=\"height: 0px\">\n<td style=\"text-align: center;height: 0px;width: 20%;background-color: #f7f7f7\"><strong>T\u00ean S\u1ea3n Ph\u1ea9m<\/strong><\/td>\n<td style=\"text-align: center;height: 0px;width: 20%;background-color: #f7f7f7\"><strong> C\u00e1c gi\u1ea5y ch\u1ee9ng nh\u1eadn <\/strong><\/td>\n<td style=\"text-align: center;height: 0px;width: 20%;background-color: #f7f7f7\"><strong>T\u00ednh ion<\/strong><\/td>\n<td style=\"text-align: center;height: 0px;width: 20%;background-color: #f7f7f7\"><strong>C\u00e1c Qui tr\u00ecnh \u1ee8ng D\u1ee5ng.<\/strong><\/td>\n<td style=\"text-align: center;height: 0px;width: 20%;background-color: #f7f7f7\"><strong>S\u1ee3i<\/strong><\/td>\n<\/tr>\n<tr style=\"height: 24px\">\n<td style=\"width: 20%;height: 24px;text-align: center\">Lausoft SC<\/td>\n<td style=\"width: 20%;height: 24px;text-align: center\"><img src=\"https:\/\/www.ercatcs.com\/wp-content\/uploads\/2022\/02\/Pallina-Certificazioni-Gataway-Of-ZDHC-02.png\"> <img src=\"https:\/\/www.ercatcs.com\/wp-content\/uploads\/2022\/01\/Pallina-Certificazioni-02.png\"> <img src=\"https:\/\/www.ercatcs.com\/wp-content\/uploads\/2021\/12\/Pallina-Verde-e1640266441784-02.png\"><\/td>\n<td style=\"width: 20%;height: 24px;text-align: center\">Cationic y\u1ebfu<\/td>\n<td style=\"width: 20%;height: 24px;text-align: center\">T\u1eadn tr\u00edch - Ng\u1ea5m \u00e9p<\/td>\n<td style=\"width: 20%;height: 24px;text-align: center\">Cellulosic<\/td>\n<\/tr>\n<\/tbody>\n<\/table>\n<\/div>\n \n\n<strong>C\u00e1c gi\u1ea5y ch\u1ee9ng nh\u1eadn<\/strong>\n<img src=\"https:\/\/www.ercatcs.com\/wp-content\/uploads\/2022\/02\/Pallina-Certificazioni-Gataway-Of-ZDHC-02.png\"> \u0110\u01b0\u1ee3c li\u1ec7t k\u00ea trong GATEWAY c\u1ee7a ZDHC.\n<img src=\"https:\/\/www.ercatcs.com\/wp-content\/uploads\/2022\/01\/Pallina-Certificazioni-02.png\"> \u0111\u01b0\u1ee3c ch\u1ee9ng nh\u1eadn bluesign\u00ae.\n<img src=\"https:\/\/www.ercatcs.com\/wp-content\/uploads\/2021\/12\/Pallina-Verde-e1640266441784-02.png\"> \u0111\u01b0\u1ee3c ch\u1ee9ng nh\u1eadn GOTS.","_et_gb_content_width":""},"product_brand":[],"product_cat":[179],"product_tag":[],"class_list":{"0":"post-58227","1":"product","2":"type-product","3":"status-publish","4":"has-post-thumbnail","6":"product_cat-chua-duoc-phan-loai","8":"first","9":"instock","10":"shipping-taxable","11":"product-type-simple"},"_links":{"self":[{"href":"https:\/\/www.ercatcs.com\/vi\/wp-json\/wp\/v2\/product\/58227","targetHints":{"allow":["GET"]}}],"collection":[{"href":"https:\/\/www.ercatcs.com\/vi\/wp-json\/wp\/v2\/product"}],"about":[{"href":"https:\/\/www.ercatcs.com\/vi\/wp-json\/wp\/v2\/types\/product"}],"replies":[{"embeddable":true,"href":"https:\/\/www.ercatcs.com\/vi\/wp-json\/wp\/v2\/comments?post=58227"}],"wp:featuredmedia":[{"embeddable":true,"href":"https:\/\/www.ercatcs.com\/vi\/wp-json\/wp\/v2\/media\/55835"}],"wp:attachment":[{"href":"https:\/\/www.ercatcs.com\/vi\/wp-json\/wp\/v2\/media?parent=58227"}],"wp:term":[{"taxonomy":"product_brand","embeddable":true,"href":"https:\/\/www.ercatcs.com\/vi\/wp-json\/wp\/v2\/product_brand?post=58227"},{"taxonomy":"product_cat","embeddable":true,"href":"https:\/\/www.ercatcs.com\/vi\/wp-json\/wp\/v2\/product_cat?post=58227"},{"taxonomy":"product_tag","embeddable":true,"href":"https:\/\/www.ercatcs.com\/vi\/wp-json\/wp\/v2\/product_tag?post=58227"}],"curies":[{"name":"wp","href":"https:\/\/api.w.org\/{rel}","templated":true}]}}