{"id":58025,"date":"2023-03-15T13:26:26","date_gmt":"2023-03-15T12:26:26","guid":{"rendered":"https:\/\/www.ercatcs.com\/chinh-sach-bao-mat\/"},"modified":"2025-03-28T14:30:39","modified_gmt":"2025-03-28T13:30:39","slug":"chinh-sach-bao-mat","status":"publish","type":"page","link":"https:\/\/www.ercatcs.com\/vi\/chinh-sach-bao-mat\/","title":{"rendered":"Ch\u00ednh s\u00e1ch b\u1ea3o m\u1eadt"},"content":{"rendered":"<p>[et_pb_section fb_built=&#8221;1&#8243; fullwidth=&#8221;on&#8221; _builder_version=&#8221;4.16&#8243; _module_preset=&#8221;default&#8221; da_disable_devices=&#8221;off|off|off&#8221; locked=&#8221;off&#8221; global_colors_info=&#8221;{}&#8221; da_is_popup=&#8221;off&#8221; da_exit_intent=&#8221;off&#8221; da_has_close=&#8221;on&#8221; da_alt_close=&#8221;off&#8221; da_dark_close=&#8221;off&#8221; da_not_modal=&#8221;on&#8221; da_is_singular=&#8221;off&#8221; da_with_loader=&#8221;off&#8221; da_has_shadow=&#8221;on&#8221;][et_pb_fullwidth_header title=&#8221;@ET-DC@eyJkeW5hbWljIjp0cnVlLCJjb250ZW50IjoicG9zdF90aXRsZSIsInNldHRpbmdzIjp7ImJlZm9yZSI6IiIsImFmdGVyIjoiIn19@&#8221; _builder_version=&#8221;4.19.4&#8243; _dynamic_attributes=&#8221;title&#8221; _module_preset=&#8221;default&#8221; title_font=&#8221;||||||||&#8221; title_text_color=&#8221;rgba(0,0,0,0.8)&#8221; title_font_size=&#8221;60px&#8221; background_enable_color=&#8221;off&#8221; background_image=&#8221;https:\/\/www.ercatcs.com\/wp-content\/uploads\/2023\/01\/slide-ercatex-neutral.png&#8221; custom_padding=&#8221;6.7%||3%||false|false&#8221; custom_padding_tablet=&#8221;18%||10%||false|false&#8221; custom_padding_phone=&#8221;25%||||false|false&#8221; custom_padding_last_edited=&#8221;on|phone&#8221; title_font_size_tablet=&#8221;50px&#8221; title_font_size_phone=&#8221;40px&#8221; title_font_size_last_edited=&#8221;on|desktop&#8221; global_colors_info=&#8221;{}&#8221;][\/et_pb_fullwidth_header][\/et_pb_section][et_pb_section fb_built=&#8221;1&#8243; admin_label=&#8221;Blog Section&#8221; _builder_version=&#8221;4.19.5&#8243; custom_padding=&#8221;100px||100px||true|false&#8221; da_disable_devices=&#8221;off|off|off&#8221; locked=&#8221;off&#8221; global_colors_info=&#8221;{}&#8221; da_is_popup=&#8221;off&#8221; da_exit_intent=&#8221;off&#8221; da_has_close=&#8221;on&#8221; da_alt_close=&#8221;off&#8221; da_dark_close=&#8221;off&#8221; da_not_modal=&#8221;on&#8221; da_is_singular=&#8221;off&#8221; da_with_loader=&#8221;off&#8221; da_has_shadow=&#8221;on&#8221;][et_pb_row admin_label=&#8221;Blog Area&#8221; _builder_version=&#8221;4.16&#8243; global_colors_info=&#8221;{}&#8221;][et_pb_column type=&#8221;4_4&#8243; _builder_version=&#8221;4.16&#8243; custom_padding=&#8221;|||&#8221; global_colors_info=&#8221;{}&#8221; custom_padding__hover=&#8221;|||&#8221;][et_pb_text admin_label=&#8221;Text&#8221; _builder_version=&#8221;4.27.4&#8243; background_size=&#8221;initial&#8221; background_position=&#8221;top_left&#8221; background_repeat=&#8221;repeat&#8221; global_colors_info=&#8221;{}&#8221;]<\/p>\n<p><strong>Th\u00f4ng tin v\u1ec1 vi\u1ec7c x\u1eed l\u00fd d\u1eef li\u1ec7u c\u00e1 nh\u00e2n theo \u0111i\u1ec1u 13-14 Quy \u0111\u1ecbnh c\u1ee7a EU 2016\/679<\/strong><\/p>\n<h2>Ch\u1ee7 th\u1ec3 d\u1eef li\u1ec7u: Ng\u01b0\u1eddi l\u01b0\u1edbt web.<\/h2>\n<p>ERCA Textile Chemical Solution Srl, v\u1edbi t\u01b0 c\u00e1ch l\u00e0 B\u1ed9 \u0111i\u1ec1u khi\u1ec3n d\u1eef li\u1ec7u c\u1ee7a d\u1eef li\u1ec7u c\u00e1 nh\u00e2n c\u1ee7a b\u1ea1n, theo v\u00e0 cho m\u1ee5c \u0111\u00edch c\u1ee7a Quy \u0111\u1ecbnh c\u1ee7a EU 2016\/679, sau \u0111\u00e2y \u0111\u01b0\u1ee3c g\u1ecdi l\u00e0 &#8216;GDPR&#8217;, th\u00f4ng b\u00e1o cho b\u1ea1n r\u1eb1ng lu\u1eadt n\u00f3i tr\u00ean quy \u0111\u1ecbnh v\u1ec1 vi\u1ec7c b\u1ea3o v\u1ec7 ch\u1ee7 th\u1ec3 d\u1eef li\u1ec7u li\u00ean quan \u0111\u1ebfn vi\u1ec7c x\u1eed l\u00fd d\u1eef li\u1ec7u c\u00e1 nh\u00e2n v\u00e0 vi\u1ec7c x\u1eed l\u00fd \u0111\u00f3 s\u1ebd d\u1ef1a tr\u00ean c\u00e1c nguy\u00ean t\u1eafc c\u00f4ng b\u1eb1ng, h\u1ee3p ph\u00e1p, minh b\u1ea1ch v\u00e0 b\u1ea3o v\u1ec7 quy\u1ec1n ri\u00eang t\u01b0 v\u00e0 quy\u1ec1n c\u1ee7a b\u1ea1n.<\/p>\n<p>D\u1eef li\u1ec7u c\u00e1 nh\u00e2n c\u1ee7a b\u1ea1n s\u1ebd \u0111\u01b0\u1ee3c x\u1eed l\u00fd theo c\u00e1c \u0111i\u1ec1u kho\u1ea3n l\u1eadp ph\u00e1p c\u1ee7a lu\u1eadt n\u00f3i tr\u00ean v\u00e0 c\u00e1c ngh\u0129a v\u1ee5 b\u1ea3o m\u1eadt \u0111\u01b0\u1ee3c quy \u0111\u1ecbnh trong \u0111\u00f3.<\/p>\n<p>[\/et_pb_text][et_pb_button button_url=&#8221;https:\/\/www.ercatcs.com\/wp-content\/uploads\/2025\/03\/erca-tcs-privacy-policy-en.pdf&#8221; url_new_window=&#8221;on&#8221; button_text=&#8221;\u0110\u1ecdc Ch\u00ednh s\u00e1ch b\u1ea3o m\u1eadt&#8221; _builder_version=&#8221;4.27.4&#8243; _module_preset=&#8221;default&#8221; global_colors_info=&#8221;{}&#8221;][\/et_pb_button][\/et_pb_column][\/et_pb_row][\/et_pb_section]<\/p>\n","protected":false},"excerpt":{"rendered":"<p>Th\u00f4ng tin v\u1ec1 vi\u1ec7c x\u1eed l\u00fd d\u1eef li\u1ec7u c\u00e1 nh\u00e2n theo \u0111i\u1ec1u 13-14 Quy \u0111\u1ecbnh c\u1ee7a EU 2016\/679 Ch\u1ee7 th\u1ec3 d\u1eef li\u1ec7u: Ng\u01b0\u1eddi l\u01b0\u1edbt web. ERCA Textile Chemical Solution Srl, v\u1edbi t\u01b0 c\u00e1ch l\u00e0 B\u1ed9 \u0111i\u1ec1u khi\u1ec3n d\u1eef li\u1ec7u c\u1ee7a d\u1eef li\u1ec7u c\u00e1 nh\u00e2n c\u1ee7a b\u1ea1n, theo v\u00e0 cho m\u1ee5c \u0111\u00edch c\u1ee7a Quy \u0111\u1ecbnh c\u1ee7a EU 2016\/679, sau \u0111\u00e2y \u0111\u01b0\u1ee3c g\u1ecdi l\u00e0 &#8216;GDPR&#8217;, th\u00f4ng b\u00e1o cho b\u1ea1n r\u1eb1ng lu\u1eadt n\u00f3i tr\u00ean quy \u0111\u1ecbnh v\u1ec1 vi\u1ec7c b\u1ea3o v\u1ec7 ch\u1ee7 th\u1ec3 d\u1eef li\u1ec7u li\u00ean quan \u0111\u1ebfn vi\u1ec7c x\u1eed l\u00fd d\u1eef li\u1ec7u c\u00e1 nh\u00e2n v\u00e0 vi\u1ec7c x\u1eed l\u00fd \u0111\u00f3 s\u1ebd d\u1ef1a tr\u00ean c\u00e1c nguy\u00ean t\u1eafc c\u00f4ng b\u1eb1ng, h\u1ee3p ph\u00e1p, minh b\u1ea1ch v\u00e0 b\u1ea3o v\u1ec7 quy\u1ec1n ri\u00eang t\u01b0 v\u00e0 quy\u1ec1n c\u1ee7a b\u1ea1n. D\u1eef li\u1ec7u c\u00e1 nh\u00e2n c\u1ee7a b\u1ea1n s\u1ebd \u0111\u01b0\u1ee3c x\u1eed l\u00fd theo c\u00e1c \u0111i\u1ec1u kho\u1ea3n l\u1eadp ph\u00e1p c\u1ee7a lu\u1eadt n\u00f3i tr\u00ean v\u00e0 c\u00e1c ngh\u0129a v\u1ee5 b\u1ea3o m\u1eadt \u0111\u01b0\u1ee3c quy \u0111\u1ecbnh trong \u0111\u00f3.<\/p>\n","protected":false},"author":1,"featured_media":0,"parent":0,"menu_order":0,"comment_status":"closed","ping_status":"closed","template":"","meta":{"_et_pb_use_builder":"on","_et_pb_old_content":"","_et_gb_content_width":"","footnotes":""},"categories":[],"tags":[],"class_list":["post-58025","page","type-page","status-publish","hentry"],"_links":{"self":[{"href":"https:\/\/www.ercatcs.com\/vi\/wp-json\/wp\/v2\/pages\/58025","targetHints":{"allow":["GET"]}}],"collection":[{"href":"https:\/\/www.ercatcs.com\/vi\/wp-json\/wp\/v2\/pages"}],"about":[{"href":"https:\/\/www.ercatcs.com\/vi\/wp-json\/wp\/v2\/types\/page"}],"author":[{"embeddable":true,"href":"https:\/\/www.ercatcs.com\/vi\/wp-json\/wp\/v2\/users\/1"}],"replies":[{"embeddable":true,"href":"https:\/\/www.ercatcs.com\/vi\/wp-json\/wp\/v2\/comments?post=58025"}],"version-history":[{"count":4,"href":"https:\/\/www.ercatcs.com\/vi\/wp-json\/wp\/v2\/pages\/58025\/revisions"}],"predecessor-version":[{"id":58700,"href":"https:\/\/www.ercatcs.com\/vi\/wp-json\/wp\/v2\/pages\/58025\/revisions\/58700"}],"wp:attachment":[{"href":"https:\/\/www.ercatcs.com\/vi\/wp-json\/wp\/v2\/media?parent=58025"}],"wp:term":[{"taxonomy":"category","embeddable":true,"href":"https:\/\/www.ercatcs.com\/vi\/wp-json\/wp\/v2\/categories?post=58025"},{"taxonomy":"post_tag","embeddable":true,"href":"https:\/\/www.ercatcs.com\/vi\/wp-json\/wp\/v2\/tags?post=58025"}],"curies":[{"name":"wp","href":"https:\/\/api.w.org\/{rel}","templated":true}]}}