{"id":57824,"date":"2021-12-01T16:00:47","date_gmt":"2021-12-01T15:00:47","guid":{"rendered":"https:\/\/www.ercatcs.com\/ung-dung\/do-lot\/"},"modified":"2024-05-14T11:58:04","modified_gmt":"2024-05-14T09:58:04","slug":"do-lot","status":"publish","type":"page","link":"https:\/\/www.ercatcs.com\/vi\/ung-dung\/do-lot\/","title":{"rendered":"\u0110\u1ed3 l\u00f3t"},"content":{"rendered":"<p>[et_pb_section fb_built=&#8221;1&#8243; fullwidth=&#8221;on&#8221; _builder_version=&#8221;4.16&#8243; _module_preset=&#8221;default&#8221; da_disable_devices=&#8221;off|off|off&#8221; global_colors_info=&#8221;{}&#8221; da_is_popup=&#8221;off&#8221; da_exit_intent=&#8221;off&#8221; da_has_close=&#8221;on&#8221; da_alt_close=&#8221;off&#8221; da_dark_close=&#8221;off&#8221; da_not_modal=&#8221;on&#8221; da_is_singular=&#8221;off&#8221; da_with_loader=&#8221;off&#8221; da_has_shadow=&#8221;on&#8221;][et_pb_fullwidth_header title=&#8221;@ET-DC@eyJkeW5hbWljIjp0cnVlLCJjb250ZW50IjoicG9zdF90aXRsZSIsInNldHRpbmdzIjp7ImJlZm9yZSI6IiIsImFmdGVyIjoiIn19@&#8221; header_image_url=&#8221;https:\/\/www.ercatcs.com\/wp-content\/uploads\/2023\/10\/slide-underwear-2-23.png&#8221; _builder_version=&#8221;4.23&#8243; _dynamic_attributes=&#8221;title&#8221; _module_preset=&#8221;default&#8221; title_font=&#8221;||||||||&#8221; title_text_color=&#8221;#562f88&#8243; title_font_size=&#8221;60px&#8221; background_enable_color=&#8221;off&#8221; background_image=&#8221;https:\/\/www.ercatcs.com\/wp-content\/uploads\/2023\/01\/slide-ercatex-neutral.png&#8221; custom_padding=&#8221;7%||5%||false|false&#8221; custom_padding_tablet=&#8221;18%||10%||false|false&#8221; custom_padding_phone=&#8221;25%||||false|false&#8221; custom_padding_last_edited=&#8221;on|phone&#8221; hover_enabled=&#8221;0&#8243; title_text_align_tablet=&#8221;&#8221; title_text_align_phone=&#8221;center&#8221; title_text_align_last_edited=&#8221;on|tablet&#8221; title_font_size_tablet=&#8221;50px&#8221; title_font_size_phone=&#8221;40px&#8221; title_font_size_last_edited=&#8221;on|desktop&#8221; custom_css_header_image=&#8221;width: 350px;&#8221; global_colors_info=&#8221;{}&#8221; title_text=&#8221;slide underwear 2-23&#8243; sticky_enabled=&#8221;0&#8243;][\/et_pb_fullwidth_header][\/et_pb_section][et_pb_section fb_built=&#8221;1&#8243; _builder_version=&#8221;4.19.4&#8243; _module_preset=&#8221;default&#8221; custom_padding=&#8221;100px||||false|false&#8221; da_disable_devices=&#8221;off|off|off&#8221; global_colors_info=&#8221;{}&#8221; da_is_popup=&#8221;off&#8221; da_exit_intent=&#8221;off&#8221; da_has_close=&#8221;on&#8221; da_alt_close=&#8221;off&#8221; da_dark_close=&#8221;off&#8221; da_not_modal=&#8221;on&#8221; da_is_singular=&#8221;off&#8221; da_with_loader=&#8221;off&#8221; da_has_shadow=&#8221;on&#8221;][et_pb_row column_structure=&#8221;2_5,3_5&#8243; make_equal=&#8221;on&#8221; _builder_version=&#8221;4.19.5&#8243; _module_preset=&#8221;default&#8221; global_colors_info=&#8221;{}&#8221;][et_pb_column type=&#8221;2_5&#8243; module_class=&#8221;iq-centra-verticale&#8221; _builder_version=&#8221;4.19.4&#8243; _module_preset=&#8221;default&#8221; global_colors_info=&#8221;{}&#8221;][et_pb_image src=&#8221;https:\/\/www.ercatcs.com\/wp-content\/uploads\/2023\/02\/box-slide-underwear-02.png&#8221; title_text=&#8221;Underwear-erca-tcs&#8221; align=&#8221;center&#8221; force_fullwidth=&#8221;on&#8221; disabled_on=&#8221;on|off|off&#8221; _builder_version=&#8221;4.20.2&#8243; _module_preset=&#8221;default&#8221; background_image=&#8221;https:\/\/www.ercatcs.com\/wp-content\/uploads\/2023\/03\/Underwear-erca-tcs-1.webp&#8221; background_position=&#8221;bottom_right&#8221; background_vertical_offset=&#8221;20%&#8221; global_colors_info=&#8221;{}&#8221;][\/et_pb_image][\/et_pb_column][et_pb_column type=&#8221;3_5&#8243; module_class=&#8221;iq-centra-verticale&#8221; _builder_version=&#8221;4.19.4&#8243; _module_preset=&#8221;default&#8221; global_colors_info=&#8221;{}&#8221;][et_pb_text _builder_version=&#8221;4.19.4&#8243; _module_preset=&#8221;default&#8221; global_colors_info=&#8221;{}&#8221;]<\/p>\n<p>T\u1eeb \u0111\u1ed3 l\u00f3t ch\u1ec9 qu\u1ea7n \u00e1o m\u1eb7c s\u00e1t da. Ng\u01b0\u1eddi s\u1eed d\u1ee5ng lu\u00f4n y\u00eau c\u1ea7u l\u00e0 ch\u1eafc b\u1ec1n, k\u00edn \u0111\u00e1o v\u00e0 hi\u1ec7u n\u0103ng cao v\u00e0 \u201ckh\u1ecfe m\u1ea1nh\u201d. <\/p>\n<p>[\/et_pb_text][\/et_pb_column][\/et_pb_row][\/et_pb_section][et_pb_section fb_built=&#8221;1&#8243; _builder_version=&#8221;4.19.4&#8243; _module_preset=&#8221;default&#8221; custom_padding=&#8221;||100px||false|false&#8221; da_disable_devices=&#8221;off|off|off&#8221; global_colors_info=&#8221;{}&#8221; da_is_popup=&#8221;off&#8221; da_exit_intent=&#8221;off&#8221; da_has_close=&#8221;on&#8221; da_alt_close=&#8221;off&#8221; da_dark_close=&#8221;off&#8221; da_not_modal=&#8221;on&#8221; da_is_singular=&#8221;off&#8221; da_with_loader=&#8221;off&#8221; da_has_shadow=&#8221;on&#8221;][et_pb_row _builder_version=&#8221;4.16&#8243; _module_preset=&#8221;default&#8221; global_colors_info=&#8221;{}&#8221;][et_pb_column type=&#8221;4_4&#8243; _builder_version=&#8221;4.16&#8243; _module_preset=&#8221;default&#8221; global_colors_info=&#8221;{}&#8221;][et_pb_text _builder_version=&#8221;4.19.4&#8243; _module_preset=&#8221;default&#8221; header_2_font=&#8221;|||on|||||&#8221; header_2_text_align=&#8221;left&#8221; header_2_text_color=&#8221;#6F5640&#8243; header_2_font_size=&#8221;36px&#8221; global_colors_info=&#8221;{}&#8221;]<\/p>\n<h2>\u1ee8ng d\u1ee5ng<\/h2>\n<p>[\/et_pb_text][\/et_pb_column][\/et_pb_row][et_pb_row _builder_version=&#8221;4.16&#8243; _module_preset=&#8221;default&#8221; global_module=&#8221;52777&#8243; global_colors_info=&#8221;{}&#8221;][et_pb_column type=&#8221;4_4&#8243; _builder_version=&#8221;4.16&#8243; _module_preset=&#8221;default&#8221; global_colors_info=&#8221;{}&#8221;][dsm_card_carousel speed=&#8221;4000&#8243; autoplay_speed=&#8221;100&#8243; pause_on_hover=&#8221;on&#8221; equal_height=&#8221;on&#8221; layout=&#8221;inline&#8221; layout_inline_image_width=&#8221;40%&#8221; dots=&#8221;off&#8221; image_width=&#8221;70%&#8221; image_alignment=&#8221;center&#8221; layout_tablet=&#8221;stacked&#8221; layout_phone=&#8221;stacked&#8221; layout_last_edited=&#8221;on|phone&#8221; layout_inline_image_width_tablet=&#8221;100%&#8221; layout_inline_image_width_phone=&#8221;100%&#8221; layout_inline_image_width_last_edited=&#8221;on|phone&#8221; _builder_version=&#8221;4.23&#8243; _module_preset=&#8221;default&#8221; header_level=&#8221;h2&#8243; header_font=&#8221;|300|||||||&#8221; header_text_color=&#8221;rgba(0,0,0,0.6)&#8221; header_font_size=&#8221;31px&#8221; custom_button=&#8221;on&#8221; button_text_size=&#8221;15px&#8221; button_text_color=&#8221;rgba(0,0,0,0.5)&#8221; button_bg_color=&#8221;RGBA(255,255,255,0)&#8221; button_border_width=&#8221;0px&#8221; button_font=&#8221;|||on|||||&#8221; button_icon=&#8221;&#x35;||divi||400&#8243; button_on_hover=&#8221;off&#8221; custom_margin=&#8221;||0px||false|false&#8221; custom_padding=&#8221;||0px||false|false&#8221; global_colors_info=&#8221;{}&#8221;][dsm_card_carousel_child title=&#8221;\u0110\u1ed3 th\u1eddi trang&#8221; image=&#8221;https:\/\/www.ercatcs.com\/wp-content\/uploads\/2023\/10\/icon-Fashion-2.png&#8221; image_as_background=&#8221;off&#8221; button_text=&#8221;Nhi\u1ec1u h\u01a1n&#8221; button_url=&#8221;@ET-DC@eyJkeW5hbWljIjp0cnVlLCJjb250ZW50IjoicG9zdF9saW5rX3VybF9wYWdlIiwic2V0dGluZ3MiOnsicG9zdF9pZCI6IjY5In19@&#8221; button_url_new_window=&#8221;1&#8243; _builder_version=&#8221;4.23&#8243; _dynamic_attributes=&#8221;button_url&#8221; _module_preset=&#8221;default&#8221; custom_button=&#8221;on&#8221; button_text_size=&#8221;15px&#8221; button_text_color=&#8221;rgba(0,0,0,0.5)&#8221; button_bg_color=&#8221;RGBA(255,255,255,0)&#8221; button_border_width=&#8221;0px&#8221; button_font=&#8221;|||on|||||&#8221; button_use_icon=&#8221;on&#8221; button_icon=&#8221;&#x35;||divi||400&#8243; button_on_hover=&#8221;off&#8221; border_width_left=&#8221;2px&#8221; border_color_left=&#8221;rgba(0,0,0,0.3)&#8221; global_colors_info=&#8221;{}&#8221; parent_button=&#8221;on&#8221; parent_button_icon=&#8221;5&#8243; parent_header_level=&#8221;h2&#8243;][\/dsm_card_carousel_child][dsm_card_carousel_child title=&#8221;\u0110\u1ed3 gia d\u1ee5ng&#8221; image=&#8221;https:\/\/www.ercatcs.com\/wp-content\/uploads\/2023\/10\/icon-Home-Textile-2.png&#8221; image_as_background=&#8221;off&#8221; button_text=&#8221;Nhi\u1ec1u h\u01a1n&#8221; button_url=&#8221;@ET-DC@eyJkeW5hbWljIjp0cnVlLCJjb250ZW50IjoicG9zdF9saW5rX3VybF9wYWdlIiwic2V0dGluZ3MiOnsicG9zdF9pZCI6IjcwIn19@&#8221; button_url_new_window=&#8221;1&#8243; _builder_version=&#8221;4.23&#8243; _dynamic_attributes=&#8221;button_url&#8221; _module_preset=&#8221;default&#8221; custom_button=&#8221;on&#8221; button_text_size=&#8221;15px&#8221; button_text_color=&#8221;rgba(0,0,0,0.5)&#8221; button_bg_color=&#8221;RGBA(255,255,255,0)&#8221; button_border_width=&#8221;0px&#8221; button_font=&#8221;|||on|||||&#8221; button_use_icon=&#8221;on&#8221; button_icon=&#8221;&#x35;||divi||400&#8243; button_on_hover=&#8221;off&#8221; border_width_left=&#8221;2px&#8221; border_color_left=&#8221;rgba(0,0,0,0.3)&#8221; global_colors_info=&#8221;{}&#8221; parent_button=&#8221;on&#8221; parent_button_icon=&#8221;5&#8243; parent_header_level=&#8221;h2&#8243;][\/dsm_card_carousel_child][dsm_card_carousel_child title=&#8221;\u0110\u1ed3 th\u1ec3 thao&#8221; image=&#8221;https:\/\/www.ercatcs.com\/wp-content\/uploads\/2023\/10\/icon-Sportswear-2.png&#8221; image_as_background=&#8221;off&#8221; button_text=&#8221;Nhi\u1ec1u h\u01a1n&#8221; button_url=&#8221;@ET-DC@eyJkeW5hbWljIjp0cnVlLCJjb250ZW50IjoicG9zdF9saW5rX3VybF9wYWdlIiwic2V0dGluZ3MiOnsicG9zdF9pZCI6IjMyIn19@&#8221; button_url_new_window=&#8221;1&#8243; _builder_version=&#8221;4.23&#8243; _dynamic_attributes=&#8221;button_url&#8221; _module_preset=&#8221;default&#8221; custom_button=&#8221;on&#8221; button_text_size=&#8221;15px&#8221; button_text_color=&#8221;rgba(0,0,0,0.5)&#8221; button_bg_color=&#8221;RGBA(255,255,255,0)&#8221; button_border_width=&#8221;0px&#8221; button_font=&#8221;|||on|||||&#8221; button_use_icon=&#8221;on&#8221; button_icon=&#8221;&#x35;||divi||400&#8243; button_on_hover=&#8221;off&#8221; border_width_left=&#8221;2px&#8221; border_color_left=&#8221;rgba(0,0,0,0.3)&#8221; global_colors_info=&#8221;{}&#8221; parent_button=&#8221;on&#8221; parent_button_icon=&#8221;5&#8243; parent_header_level=&#8221;h2&#8243;][\/dsm_card_carousel_child][dsm_card_carousel_child title=&#8221;\u0110\u1ed3 l\u00f3t&#8221; image=&#8221;https:\/\/www.ercatcs.com\/wp-content\/uploads\/2023\/10\/icon-Underwear-2.png&#8221; image_as_background=&#8221;off&#8221; button_text=&#8221;Nhi\u1ec1u h\u01a1n&#8221; button_url=&#8221;@ET-DC@eyJkeW5hbWljIjp0cnVlLCJjb250ZW50IjoicG9zdF9saW5rX3VybF9wYWdlIiwic2V0dGluZ3MiOnsicG9zdF9pZCI6IjQ5Nzk3In19@&#8221; button_url_new_window=&#8221;1&#8243; _builder_version=&#8221;4.23&#8243; _dynamic_attributes=&#8221;button_url&#8221; _module_preset=&#8221;default&#8221; custom_button=&#8221;on&#8221; button_text_size=&#8221;15px&#8221; button_text_color=&#8221;rgba(0,0,0,0.5)&#8221; button_bg_color=&#8221;RGBA(255,255,255,0)&#8221; button_border_width=&#8221;0px&#8221; button_font=&#8221;|||on|||||&#8221; button_use_icon=&#8221;on&#8221; button_icon=&#8221;&#x35;||divi||400&#8243; button_on_hover=&#8221;off&#8221; border_width_left=&#8221;2px&#8221; border_color_left=&#8221;rgba(0,0,0,0.3)&#8221; global_colors_info=&#8221;{}&#8221; parent_button=&#8221;on&#8221; parent_button_icon=&#8221;5&#8243; parent_header_level=&#8221;h2&#8243;][\/dsm_card_carousel_child][dsm_card_carousel_child title=&#8221;Qu\u1ea7n \u00e1o b\u1ea3o h\u1ed9 lao \u0111\u1ed9ng&#8221; image=&#8221;https:\/\/www.ercatcs.com\/wp-content\/uploads\/2023\/10\/icon-Workwear-2.png&#8221; image_as_background=&#8221;off&#8221; button_text=&#8221;Nhi\u1ec1u h\u01a1n&#8221; button_url=&#8221;@ET-DC@eyJkeW5hbWljIjp0cnVlLCJjb250ZW50IjoicG9zdF9saW5rX3VybF9wYWdlIiwic2V0dGluZ3MiOnsicG9zdF9pZCI6IjQ5Nzg4In19@&#8221; button_url_new_window=&#8221;1&#8243; _builder_version=&#8221;4.23&#8243; _dynamic_attributes=&#8221;button_url&#8221; _module_preset=&#8221;default&#8221; custom_button=&#8221;on&#8221; button_text_size=&#8221;15px&#8221; button_text_color=&#8221;rgba(0,0,0,0.5)&#8221; button_bg_color=&#8221;RGBA(255,255,255,0)&#8221; button_border_width=&#8221;0px&#8221; button_font=&#8221;|||on|||||&#8221; button_use_icon=&#8221;on&#8221; button_icon=&#8221;&#x35;||divi||400&#8243; button_on_hover=&#8221;off&#8221; border_width_left=&#8221;2px&#8221; border_color_left=&#8221;rgba(0,0,0,0.3)&#8221; global_colors_info=&#8221;{}&#8221; parent_button=&#8221;on&#8221; parent_button_icon=&#8221;5&#8243; parent_header_level=&#8221;h2&#8243;][\/dsm_card_carousel_child][dsm_card_carousel_child title=&#8221;V\u1ea3i n\u1ed9i th\u1ea5t&#8221; image=&#8221;https:\/\/www.ercatcs.com\/wp-content\/uploads\/2023\/10\/icon-Interior-Textile-2.png&#8221; image_as_background=&#8221;off&#8221; button_text=&#8221;Nhi\u1ec1u h\u01a1n&#8221; button_url=&#8221;@ET-DC@eyJkeW5hbWljIjp0cnVlLCJjb250ZW50IjoicG9zdF9saW5rX3VybF9wYWdlIiwic2V0dGluZ3MiOnsicG9zdF9pZCI6IjUzMDE1In19@&#8221; button_url_new_window=&#8221;1&#8243; _builder_version=&#8221;4.23&#8243; _dynamic_attributes=&#8221;button_url&#8221; _module_preset=&#8221;default&#8221; custom_button=&#8221;on&#8221; button_text_size=&#8221;15px&#8221; button_text_color=&#8221;rgba(0,0,0,0.5)&#8221; button_bg_color=&#8221;RGBA(255,255,255,0)&#8221; button_border_width=&#8221;0px&#8221; button_font=&#8221;|||on|||||&#8221; button_use_icon=&#8221;on&#8221; button_icon=&#8221;&#x35;||divi||400&#8243; button_on_hover=&#8221;off&#8221; border_width_left=&#8221;2px&#8221; border_color_left=&#8221;rgba(0,0,0,0.3)&#8221; global_colors_info=&#8221;{}&#8221; parent_button=&#8221;on&#8221; parent_button_icon=&#8221;5&#8243; parent_header_level=&#8221;h2&#8243;][\/dsm_card_carousel_child][dsm_card_carousel_child title=&#8221;\u0110\u1ed3 th\u1ec3 thao n\u0103ng \u0111\u1ed9ng&#8221; image=&#8221;https:\/\/www.ercatcs.com\/wp-content\/uploads\/2023\/10\/icon-Activewear-2.png&#8221; image_as_background=&#8221;off&#8221; button_text=&#8221;Nhi\u1ec1u h\u01a1n&#8221; button_url=&#8221;@ET-DC@eyJkeW5hbWljIjp0cnVlLCJjb250ZW50IjoicG9zdF9saW5rX3VybF9wYWdlIiwic2V0dGluZ3MiOnsicG9zdF9pZCI6IjUzMDE2In19@&#8221; button_url_new_window=&#8221;1&#8243; _builder_version=&#8221;4.23&#8243; _dynamic_attributes=&#8221;button_url&#8221; _module_preset=&#8221;default&#8221; custom_button=&#8221;on&#8221; button_text_size=&#8221;15px&#8221; button_text_color=&#8221;rgba(0,0,0,0.5)&#8221; button_bg_color=&#8221;RGBA(255,255,255,0)&#8221; button_border_width=&#8221;0px&#8221; button_font=&#8221;|||on|||||&#8221; button_use_icon=&#8221;on&#8221; button_icon=&#8221;&#x35;||divi||400&#8243; button_on_hover=&#8221;off&#8221; border_width_left=&#8221;2px&#8221; border_color_left=&#8221;rgba(0,0,0,0.3)&#8221; global_colors_info=&#8221;{}&#8221; parent_button=&#8221;on&#8221; parent_button_icon=&#8221;5&#8243; parent_header_level=&#8221;h2&#8243;][\/dsm_card_carousel_child][dsm_card_carousel_child title=&#8221;\u0110\u1ed3 th\u1ec3 thao tho\u1ea3i m\u00e1i&#8221; image=&#8221;https:\/\/www.ercatcs.com\/wp-content\/uploads\/2023\/10\/icon-Athleisure-2.png&#8221; image_as_background=&#8221;off&#8221; button_text=&#8221;Nhi\u1ec1u h\u01a1n&#8221; button_url=&#8221;@ET-DC@eyJkeW5hbWljIjp0cnVlLCJjb250ZW50IjoicG9zdF9saW5rX3VybF9wYWdlIiwic2V0dGluZ3MiOnsicG9zdF9pZCI6IjUzMDE3In19@&#8221; button_url_new_window=&#8221;1&#8243; _builder_version=&#8221;4.23&#8243; _dynamic_attributes=&#8221;button_url&#8221; _module_preset=&#8221;default&#8221; custom_button=&#8221;on&#8221; button_text_size=&#8221;15px&#8221; button_text_color=&#8221;rgba(0,0,0,0.5)&#8221; button_bg_color=&#8221;RGBA(255,255,255,0)&#8221; button_border_width=&#8221;0px&#8221; button_font=&#8221;|||on|||||&#8221; button_use_icon=&#8221;on&#8221; button_icon=&#8221;&#x35;||divi||400&#8243; button_on_hover=&#8221;off&#8221; border_width_left=&#8221;2px&#8221; border_color_left=&#8221;rgba(0,0,0,0.3)&#8221; global_colors_info=&#8221;{}&#8221; parent_button=&#8221;on&#8221; parent_button_icon=&#8221;5&#8243; parent_header_level=&#8221;h2&#8243;][\/dsm_card_carousel_child][\/dsm_card_carousel][\/et_pb_column][\/et_pb_row][\/et_pb_section]<\/p>\n","protected":false},"excerpt":{"rendered":"<p>T\u1eeb \u0111\u1ed3 l\u00f3t ch\u1ec9 qu\u1ea7n \u00e1o m\u1eb7c s\u00e1t da. Ng\u01b0\u1eddi s\u1eed d\u1ee5ng lu\u00f4n y\u00eau c\u1ea7u l\u00e0 ch\u1eafc b\u1ec1n, k\u00edn \u0111\u00e1o v\u00e0 hi\u1ec7u n\u0103ng cao v\u00e0 \u201ckh\u1ecfe m\u1ea1nh\u201d. \u1ee8ng d\u1ee5ng<div class=\"et_pb_module dsm_card_carousel dsm_card_carousel_0 dsm_card_carousel_layout_inline dsm_card_carousel_tablet_layout_stacked  dsm_card_carousel_equal_height dsm_card_carousel_arrow_outside dsm_card_carousel_arrow_mobile_inside\">\n\t\t\t\t\n\t\t\t\t\n\t\t\t\t\n\t\t\t\t\n\t\t\t\t\n\t\t\t\t\n\t\t\t\t<div class=\"et_pb_module_inner\">\n\t\t\t\t\t\n\t\t\t\n\t\t\t<div class=\"swiper-container dsm_card_carousel_wrapper\" dir=\"ltr\" data-params=\"[{&quot;direction&quot;:&quot;horizontal&quot;,&quot;effect&quot;:&quot;default&quot;,&quot;slider_effect_shadows&quot;:false,&quot;slider_effect_coverflow_rotate&quot;:&quot;30&quot;,&quot;slider_effect_coverflow_depth&quot;:&quot;0&quot;,&quot;loop&quot;:true,&quot;infinite_smooth_scrolling&quot;:false,&quot;slide_to_show&quot;:&quot;3&quot;,&quot;slide_to_show_tablet&quot;:&quot;1&quot;,&quot;slide_to_show_phone&quot;:&quot;1&quot;,&quot;slide_to_scroll&quot;:&quot;1&quot;,&quot;slide_to_scroll_tablet&quot;:&quot;1&quot;,&quot;slide_to_scroll_phone&quot;:&quot;1&quot;,&quot;space_between&quot;:&quot;15&quot;,&quot;space_between_tablet&quot;:&quot;15&quot;,&quot;space_between_phone&quot;:&quot;15&quot;,&quot;centered_slides&quot;:false,&quot;multiple_slide_row&quot;:&quot;off&quot;,&quot;slide_row&quot;:&quot;1&quot;,&quot;slide_row_tablet&quot;:&quot;1&quot;,&quot;slide_row_phone&quot;:&quot;1&quot;,&quot;speed&quot;:&quot;4000&quot;,&quot;autoplay&quot;:true,&quot;autoplay_speed&quot;:&quot;100&quot;,&quot;autoplay_viewport&quot;:&quot;80%&quot;,&quot;touch_move&quot;:true,&quot;grab&quot;:true,&quot;pause_on_hover&quot;:true,&quot;mousewheel&quot;:false,&quot;auto_height&quot;:true,&quot;equal_height&quot;:true,&quot;equal_height_tablet&quot;:true,&quot;equal_height_phone&quot;:true}]\">\n\t\t\t<div class=\"swiper-wrapper\"><\/div>\n\t\t\t<\/div><div class=\"swiper-button-prev dsm_card_carousel_arrow\" data-icon=\"4\"><\/div><div class=\"swiper-button-next dsm_card_carousel_arrow\" data-icon=\"5\"><\/div><div class=\"swiper-pagination dsm_card_carousel_pagination\"><\/div>\n\t\t\t\t<\/div>\n\t\t\t<\/div><div class=\"et_pb_with_border dsm_card_carousel_child dsm_card_carousel_child_0 swiper-slide\">\n\t\t\t\t\n\t\t\t\t\n\t\t\t\t\n\t\t\t\t\n\t\t\t\t\n\t\t\t\t\n\t\t\t\t<div class=\"et_pb_module_inner\">\n\t\t\t\t\t\n\t\t\t\n\t\t\t<figure class=\"dsm_card_carousel_child_image_wrapper dsm_card_carousel_child_badge_top_right\"><img decoding=\"async\" src=\"https:\/\/www.ercatcs.com\/wp-content\/uploads\/2023\/10\/icon-Fashion-2.png\" alt=\"\" class=\"dsm_card_carousel_child_img  dsm_card_carousel_image_stretch skip-lazy\" \/><\/figure>\n\t\t\t<div class=\"dsm_card_wrapper et_pb_text_align_left et_pb_bg_layout_light\">\n\t\t\t\t\t<h2 class=\"dsm_card_title et_pb_module_header\">\u0110\u1ed3 th\u1eddi trang<\/h2>\n\t\t\t\t\t\n\t\t\t\t\t\n\t\t\t\t\t<div class=\"et_pb_button_wrapper\"><a class=\"et_pb_button et_pb_more_button \" href=\"\" data-icon=\"5\">Nhi\u1ec1u h\u01a1n<\/a><\/div>\n\t\t\t\t<\/div>\n\t\t\t\t<\/div>\n\t\t\t<\/div><div class=\"et_pb_with_border dsm_card_carousel_child dsm_card_carousel_child_1 swiper-slide\">\n\t\t\t\t\n\t\t\t\t\n\t\t\t\t\n\t\t\t\t\n\t\t\t\t\n\t\t\t\t\n\t\t\t\t<div class=\"et_pb_module_inner\">\n\t\t\t\t\t\n\t\t\t\n\t\t\t<figure class=\"dsm_card_carousel_child_image_wrapper dsm_card_carousel_child_badge_top_right\"><img decoding=\"async\" src=\"https:\/\/www.ercatcs.com\/wp-content\/uploads\/2023\/10\/icon-Home-Textile-2.png\" alt=\"\" class=\"dsm_card_carousel_child_img  dsm_card_carousel_image_stretch skip-lazy\" \/><\/figure>\n\t\t\t<div class=\"dsm_card_wrapper et_pb_text_align_left et_pb_bg_layout_light\">\n\t\t\t\t\t<h2 class=\"dsm_card_title et_pb_module_header\">\u0110\u1ed3 gia d\u1ee5ng<\/h2>\n\t\t\t\t\t\n\t\t\t\t\t\n\t\t\t\t\t<div class=\"et_pb_button_wrapper\"><a class=\"et_pb_button et_pb_more_button \" href=\"\" data-icon=\"5\">Nhi\u1ec1u h\u01a1n<\/a><\/div>\n\t\t\t\t<\/div>\n\t\t\t\t<\/div>\n\t\t\t<\/div><div class=\"et_pb_with_border dsm_card_carousel_child dsm_card_carousel_child_2 swiper-slide\">\n\t\t\t\t\n\t\t\t\t\n\t\t\t\t\n\t\t\t\t\n\t\t\t\t\n\t\t\t\t\n\t\t\t\t<div class=\"et_pb_module_inner\">\n\t\t\t\t\t\n\t\t\t\n\t\t\t<figure class=\"dsm_card_carousel_child_image_wrapper dsm_card_carousel_child_badge_top_right\"><img decoding=\"async\" src=\"https:\/\/www.ercatcs.com\/wp-content\/uploads\/2023\/10\/icon-Sportswear-2.png\" alt=\"\" class=\"dsm_card_carousel_child_img  dsm_card_carousel_image_stretch skip-lazy\" \/><\/figure>\n\t\t\t<div class=\"dsm_card_wrapper et_pb_text_align_left et_pb_bg_layout_light\">\n\t\t\t\t\t<h2 class=\"dsm_card_title et_pb_module_header\">\u0110\u1ed3 th\u1ec3 thao<\/h2>\n\t\t\t\t\t\n\t\t\t\t\t\n\t\t\t\t\t<div class=\"et_pb_button_wrapper\"><a class=\"et_pb_button et_pb_more_button \" href=\"\" data-icon=\"5\">Nhi\u1ec1u h\u01a1n<\/a><\/div>\n\t\t\t\t<\/div>\n\t\t\t\t<\/div>\n\t\t\t<\/div><div class=\"et_pb_with_border dsm_card_carousel_child dsm_card_carousel_child_3 swiper-slide\">\n\t\t\t\t\n\t\t\t\t\n\t\t\t\t\n\t\t\t\t\n\t\t\t\t\n\t\t\t\t\n\t\t\t\t<div class=\"et_pb_module_inner\">\n\t\t\t\t\t\n\t\t\t\n\t\t\t<figure class=\"dsm_card_carousel_child_image_wrapper dsm_card_carousel_child_badge_top_right\"><img decoding=\"async\" src=\"https:\/\/www.ercatcs.com\/wp-content\/uploads\/2023\/10\/icon-Underwear-2.png\" alt=\"\" class=\"dsm_card_carousel_child_img  dsm_card_carousel_image_stretch skip-lazy\" \/><\/figure>\n\t\t\t<div class=\"dsm_card_wrapper et_pb_text_align_left et_pb_bg_layout_light\">\n\t\t\t\t\t<h2 class=\"dsm_card_title et_pb_module_header\">\u0110\u1ed3 l\u00f3t<\/h2>\n\t\t\t\t\t\n\t\t\t\t\t\n\t\t\t\t\t<div class=\"et_pb_button_wrapper\"><a class=\"et_pb_button et_pb_more_button \" href=\"\" data-icon=\"5\">Nhi\u1ec1u h\u01a1n<\/a><\/div>\n\t\t\t\t<\/div>\n\t\t\t\t<\/div>\n\t\t\t<\/div><div class=\"et_pb_with_border dsm_card_carousel_child dsm_card_carousel_child_4 swiper-slide\">\n\t\t\t\t\n\t\t\t\t\n\t\t\t\t\n\t\t\t\t\n\t\t\t\t\n\t\t\t\t\n\t\t\t\t<div class=\"et_pb_module_inner\">\n\t\t\t\t\t\n\t\t\t\n\t\t\t<figure class=\"dsm_card_carousel_child_image_wrapper dsm_card_carousel_child_badge_top_right\"><img decoding=\"async\" src=\"https:\/\/www.ercatcs.com\/wp-content\/uploads\/2023\/10\/icon-Workwear-2.png\" alt=\"\" class=\"dsm_card_carousel_child_img  dsm_card_carousel_image_stretch skip-lazy\" \/><\/figure>\n\t\t\t<div class=\"dsm_card_wrapper et_pb_text_align_left et_pb_bg_layout_light\">\n\t\t\t\t\t<h2 class=\"dsm_card_title et_pb_module_header\">Qu\u1ea7n \u00e1o b\u1ea3o h\u1ed9 lao \u0111\u1ed9ng<\/h2>\n\t\t\t\t\t\n\t\t\t\t\t\n\t\t\t\t\t<div class=\"et_pb_button_wrapper\"><a class=\"et_pb_button et_pb_more_button \" href=\"\" data-icon=\"5\">Nhi\u1ec1u h\u01a1n<\/a><\/div>\n\t\t\t\t<\/div>\n\t\t\t\t<\/div>\n\t\t\t<\/div><div class=\"dsm_card_carousel_child dsm_card_carousel_child_5 swiper-slide\">\n\t\t\t\t\n\t\t\t\t\n\t\t\t\t\n\t\t\t\t\n\t\t\t\t\n\t\t\t\t\n\t\t\t\t<div class=\"et_pb_module_inner\">\n\t\t\t\t\t\n\t\t\t\n\t\t\t\n\t\t\t<div class=\"dsm_card_wrapper et_pb_text_align_left et_pb_bg_layout_light\">\n\t\t\t\t\t<h2 class=\"dsm_card_title et_pb_module_header\">&#8221;V\u1ea3i<\/h2>\n\t\t\t\t\t\n\t\t\t\t\t\n\t\t\t\t\t\n\t\t\t\t<\/div>\n\t\t\t\t<\/div>\n\t\t\t<\/div><\/p>\n","protected":false},"author":1,"featured_media":55843,"parent":57812,"menu_order":5,"comment_status":"closed","ping_status":"closed","template":"","meta":{"_et_pb_use_builder":"on","_et_pb_old_content":"","_et_gb_content_width":"","footnotes":""},"categories":[164],"tags":[],"class_list":["post-57824","page","type-page","status-publish","has-post-thumbnail","hentry","category-uncategorized-vi"],"_links":{"self":[{"href":"https:\/\/www.ercatcs.com\/vi\/wp-json\/wp\/v2\/pages\/57824","targetHints":{"allow":["GET"]}}],"collection":[{"href":"https:\/\/www.ercatcs.com\/vi\/wp-json\/wp\/v2\/pages"}],"about":[{"href":"https:\/\/www.ercatcs.com\/vi\/wp-json\/wp\/v2\/types\/page"}],"author":[{"embeddable":true,"href":"https:\/\/www.ercatcs.com\/vi\/wp-json\/wp\/v2\/users\/1"}],"replies":[{"embeddable":true,"href":"https:\/\/www.ercatcs.com\/vi\/wp-json\/wp\/v2\/comments?post=57824"}],"version-history":[{"count":5,"href":"https:\/\/www.ercatcs.com\/vi\/wp-json\/wp\/v2\/pages\/57824\/revisions"}],"predecessor-version":[{"id":57924,"href":"https:\/\/www.ercatcs.com\/vi\/wp-json\/wp\/v2\/pages\/57824\/revisions\/57924"}],"up":[{"embeddable":true,"href":"https:\/\/www.ercatcs.com\/vi\/wp-json\/wp\/v2\/pages\/57812"}],"wp:featuredmedia":[{"embeddable":true,"href":"https:\/\/www.ercatcs.com\/vi\/wp-json\/wp\/v2\/media\/55843"}],"wp:attachment":[{"href":"https:\/\/www.ercatcs.com\/vi\/wp-json\/wp\/v2\/media?parent=57824"}],"wp:term":[{"taxonomy":"category","embeddable":true,"href":"https:\/\/www.ercatcs.com\/vi\/wp-json\/wp\/v2\/categories?post=57824"},{"taxonomy":"post_tag","embeddable":true,"href":"https:\/\/www.ercatcs.com\/vi\/wp-json\/wp\/v2\/tags?post=57824"}],"curies":[{"name":"wp","href":"https:\/\/api.w.org\/{rel}","templated":true}]}}