{"id":57812,"date":"2023-01-23T16:34:50","date_gmt":"2023-01-23T15:34:50","guid":{"rendered":"https:\/\/www.ercatcs.com\/ung-dung\/"},"modified":"2024-05-14T11:01:29","modified_gmt":"2024-05-14T09:01:29","slug":"ung-dung","status":"publish","type":"page","link":"https:\/\/www.ercatcs.com\/vi\/ung-dung\/","title":{"rendered":"\u1ee8ng d\u1ee5ng"},"content":{"rendered":"<p>[et_pb_section fb_built=&#8221;1&#8243; fullwidth=&#8221;on&#8221; _builder_version=&#8221;4.16&#8243; _module_preset=&#8221;default&#8221; da_disable_devices=&#8221;off|off|off&#8221; locked=&#8221;off&#8221; global_colors_info=&#8221;{}&#8221; da_is_popup=&#8221;off&#8221; da_exit_intent=&#8221;off&#8221; da_has_close=&#8221;on&#8221; da_alt_close=&#8221;off&#8221; da_dark_close=&#8221;off&#8221; da_not_modal=&#8221;on&#8221; da_is_singular=&#8221;off&#8221; da_with_loader=&#8221;off&#8221; da_has_shadow=&#8221;on&#8221;][et_pb_fullwidth_header title=&#8221;@ET-DC@eyJkeW5hbWljIjp0cnVlLCJjb250ZW50IjoicG9zdF90aXRsZSIsInNldHRpbmdzIjp7ImJlZm9yZSI6IiIsImFmdGVyIjoiIn19@&#8221; _builder_version=&#8221;4.19.5&#8243; _dynamic_attributes=&#8221;title&#8221; _module_preset=&#8221;default&#8221; title_font=&#8221;||||||||&#8221; title_text_color=&#8221;rgba(0,0,0,0.8)&#8221; title_font_size=&#8221;60px&#8221; background_enable_color=&#8221;off&#8221; background_image=&#8221;https:\/\/www.ercatcs.com\/wp-content\/uploads\/2023\/02\/Erca-TCS-Applications.webp&#8221; custom_padding=&#8221;20%||8%||false|false&#8221; custom_padding_tablet=&#8221;28%||10%||false|false&#8221; custom_padding_phone=&#8221;25%||||false|false&#8221; custom_padding_last_edited=&#8221;on|tablet&#8221; title_font_size_tablet=&#8221;50px&#8221; title_font_size_phone=&#8221;40px&#8221; title_font_size_last_edited=&#8221;on|phone&#8221; global_colors_info=&#8221;{}&#8221;][\/et_pb_fullwidth_header][\/et_pb_section][et_pb_section fb_built=&#8221;1&#8243; _builder_version=&#8221;4.19.5&#8243; _module_preset=&#8221;default&#8221; custom_padding=&#8221;100px||100px||true|false&#8221; da_disable_devices=&#8221;off|off|off&#8221; global_colors_info=&#8221;{}&#8221; da_is_popup=&#8221;off&#8221; da_exit_intent=&#8221;off&#8221; da_has_close=&#8221;on&#8221; da_alt_close=&#8221;off&#8221; da_dark_close=&#8221;off&#8221; da_not_modal=&#8221;on&#8221; da_is_singular=&#8221;off&#8221; da_with_loader=&#8221;off&#8221; da_has_shadow=&#8221;on&#8221;][et_pb_row column_structure=&#8221;2_5,3_5&#8243; use_custom_gutter=&#8221;on&#8221; make_equal=&#8221;on&#8221; _builder_version=&#8221;4.16&#8243; _module_preset=&#8221;default&#8221; global_colors_info=&#8221;{}&#8221;][et_pb_column type=&#8221;2_5&#8243; _builder_version=&#8221;4.16&#8243; _module_preset=&#8221;default&#8221; global_colors_info=&#8221;{}&#8221;][et_pb_image src=&#8221;https:\/\/www.ercatcs.com\/wp-content\/uploads\/2023\/01\/marine-drop-box-370.png&#8221; title_text=&#8221;Erca-TCS-Applications&#8221; force_fullwidth=&#8221;on&#8221; _builder_version=&#8221;4.20.2&#8243; _module_preset=&#8221;default&#8221; background_image=&#8221;https:\/\/www.ercatcs.com\/wp-content\/uploads\/2023\/03\/Erca-TCS-Applications.jpg&#8221; background_size=&#8221;custom&#8221; background_image_width=&#8221;120%&#8221; background_image_height=&#8221;120%&#8221; background_position=&#8221;center_right&#8221; global_colors_info=&#8221;{}&#8221;][\/et_pb_image][\/et_pb_column][et_pb_column type=&#8221;3_5&#8243; module_class=&#8221;iq-centra-verticale&#8221; _builder_version=&#8221;4.16&#8243; _module_preset=&#8221;default&#8221; global_colors_info=&#8221;{}&#8221;][et_pb_text _builder_version=&#8221;4.19.5&#8243; _module_preset=&#8221;default&#8221; text_font=&#8221;Montserrat||||||||&#8221; global_colors_info=&#8221;{}&#8221;]<\/p>\n<p>M\u1ee5c ti\u00eau c\u1ee7a ERCA TCS l\u00e0 \u0111\u1ea1t \u0111\u01b0\u1ee3c m\u1ed9t th\u1ebf h\u1ec7 h\u00f3a h\u1ecdc tu\u1ea7n ho\u00e0n m\u1edbi c\u00f3 tr\u00e1ch nhi\u1ec7m g\u00f3p ph\u1ea7n c\u1ee5 th\u1ec3 v\u00e0 t\u00edch c\u1ef1c nh\u1eb1m \u0111\u01b0a ra c\u00e1c gi\u1ea3i ph\u00e1p \u0111\u1ed5i m\u1edbi t\u00f9y ch\u1ec9nh nh\u1eb1m t\u1ea1o ra m\u1ed9t d\u00e0n qu\u1ea7n \u00e1o d\u1ec7t nhu\u1ed9m hi\u1ec7n \u0111\u1ea1i ho\u00e0n ch\u1ec9nh, b\u1ec1n v\u1eefng, s\u00e1ng t\u1ea1o v\u00e0 hi\u1ec7u qu\u1ea3.<\/p>\n<p>Vui l\u00f2ng t\u00ecm theo danh s\u00e1ch d\u01b0\u1edbi \u0111\u00e2y v\u00e0 trao \u0111\u1ed5i v\u1edbi ch\u00fang t\u00f4i \u0111\u1ec3 t\u00ecm ra gi\u1ea3i ph\u00e1p t\u1ed1t nh\u1ea5t m\u00e0 ch\u00fang t\u00f4i c\u00f3 cho y\u00eau c\u1ea7u c\u1ee7a b\u1ea1n.<\/p>\n<p>[\/et_pb_text][\/et_pb_column][\/et_pb_row][\/et_pb_section][et_pb_section fb_built=&#8221;1&#8243; disabled_on=&#8221;off|off|off&#8221; _builder_version=&#8221;4.19.5&#8243; _module_preset=&#8221;default&#8221; custom_padding=&#8221;20px||100px||false|false&#8221; da_disable_devices=&#8221;off|off|off&#8221; global_colors_info=&#8221;{}&#8221; da_is_popup=&#8221;off&#8221; da_exit_intent=&#8221;off&#8221; da_has_close=&#8221;on&#8221; da_alt_close=&#8221;off&#8221; da_dark_close=&#8221;off&#8221; da_not_modal=&#8221;on&#8221; da_is_singular=&#8221;off&#8221; da_with_loader=&#8221;off&#8221; da_has_shadow=&#8221;on&#8221;][et_pb_row column_structure=&#8221;1_4,1_4,1_4,1_4&#8243; make_equal=&#8221;on&#8221; _builder_version=&#8221;4.19.5&#8243; _module_preset=&#8221;default&#8221; max_width=&#8221;1280px&#8221; custom_padding=&#8221;0px|||||&#8221; global_colors_info=&#8221;{}&#8221;][et_pb_column type=&#8221;1_4&#8243; _builder_version=&#8221;4.16&#8243; _module_preset=&#8221;default&#8221; global_colors_info=&#8221;{}&#8221;][dsm_card title=&#8221;\u0110\u1ed3 th\u1eddi trang&#8221; layout=&#8221;inline&#8221; layout_inline_image_width=&#8221;40%&#8221; image=&#8221;https:\/\/www.ercatcs.com\/wp-content\/uploads\/2023\/10\/icon-Fashion-2.png&#8221; image_as_background=&#8221;off&#8221; image_alignment=&#8221;center&#8221; button_text=&#8221;Nhi\u1ec1u h\u01a1n&#8221; button_url=&#8221;@ET-DC@eyJkeW5hbWljIjp0cnVlLCJjb250ZW50IjoicG9zdF9saW5rX3VybF9wYWdlIiwic2V0dGluZ3MiOnsicG9zdF9pZCI6IjY5In19@&#8221; button_url_new_window=&#8221;1&#8243; image_width_last_edited=&#8221;off|desktop&#8221; _builder_version=&#8221;4.23&#8243; _dynamic_attributes=&#8221;button_url&#8221; _module_preset=&#8221;default&#8221; header_level=&#8221;h2&#8243; header_font_size=&#8221;28px&#8221; background_enable_color=&#8221;off&#8221; custom_button=&#8221;on&#8221; button_text_size=&#8221;15px&#8221; button_text_color=&#8221;rgba(0,0,0,0.5)&#8221; button_bg_color=&#8221;RGBA(255,255,255,0)&#8221; button_border_width=&#8221;0px&#8221; button_font=&#8221;|||on|||||&#8221; button_icon=&#8221;&#x35;||divi||400&#8243; button_on_hover=&#8221;off&#8221; custom_padding=&#8221;|20px||20px|false|true&#8221; hover_enabled=&#8221;0&#8243; header_font_size_tablet=&#8221;31px&#8221; header_font_size_phone=&#8221;31px&#8221; header_font_size_last_edited=&#8221;off|desktop&#8221; border_width_left=&#8221;2px&#8221; border_color_left=&#8221;rgba(0,0,0,0.3)&#8221; global_colors_info=&#8221;{}&#8221; title_text=&#8221;icon-Fashion-2&#8243; sticky_enabled=&#8221;0&#8243;][\/dsm_card][\/et_pb_column][et_pb_column type=&#8221;1_4&#8243; _builder_version=&#8221;4.16&#8243; _module_preset=&#8221;default&#8221; global_colors_info=&#8221;{}&#8221;][dsm_card title=&#8221;\u0110\u1ed3 gia d\u1ee5ng&#8221; layout=&#8221;inline&#8221; layout_inline_image_width=&#8221;40%&#8221; image=&#8221;https:\/\/www.ercatcs.com\/wp-content\/uploads\/2023\/10\/icon-Home-Textile-2.png&#8221; image_as_background=&#8221;off&#8221; image_alignment=&#8221;center&#8221; button_text=&#8221;Nhi\u1ec1u h\u01a1n&#8221; button_url=&#8221;@ET-DC@eyJkeW5hbWljIjp0cnVlLCJjb250ZW50IjoicG9zdF9saW5rX3VybF9wYWdlIiwic2V0dGluZ3MiOnsicG9zdF9pZCI6IjcwIn19@&#8221; button_url_new_window=&#8221;1&#8243; _builder_version=&#8221;4.23&#8243; _dynamic_attributes=&#8221;button_url&#8221; _module_preset=&#8221;default&#8221; header_level=&#8221;h2&#8243; header_font_size=&#8221;28px&#8221; background_enable_color=&#8221;off&#8221; custom_button=&#8221;on&#8221; button_text_size=&#8221;15px&#8221; button_text_color=&#8221;rgba(0,0,0,0.5)&#8221; button_bg_color=&#8221;RGBA(255,255,255,0)&#8221; button_border_width=&#8221;0px&#8221; button_font=&#8221;|||on|||||&#8221; button_icon=&#8221;&#x35;||divi||400&#8243; button_on_hover=&#8221;off&#8221; custom_padding=&#8221;|20px||20px|false|true&#8221; hover_enabled=&#8221;0&#8243; border_width_left=&#8221;2px&#8221; border_color_left=&#8221;rgba(0,0,0,0.3)&#8221; global_colors_info=&#8221;{}&#8221; title_text=&#8221;icon-Home-Textile-2&#8243; sticky_enabled=&#8221;0&#8243;][\/dsm_card][\/et_pb_column][et_pb_column type=&#8221;1_4&#8243; _builder_version=&#8221;4.16&#8243; _module_preset=&#8221;default&#8221; global_colors_info=&#8221;{}&#8221;][dsm_card title=&#8221;\u0110\u1ed3 th\u1ec3 thao&#8221; layout=&#8221;inline&#8221; layout_inline_image_width=&#8221;40%&#8221; image=&#8221;https:\/\/www.ercatcs.com\/wp-content\/uploads\/2023\/10\/icon-Sportswear-2.png&#8221; image_as_background=&#8221;off&#8221; image_alignment=&#8221;center&#8221; button_text=&#8221;Nhi\u1ec1u h\u01a1n&#8221; button_url=&#8221;@ET-DC@eyJkeW5hbWljIjp0cnVlLCJjb250ZW50IjoicG9zdF9saW5rX3VybF9wYWdlIiwic2V0dGluZ3MiOnsicG9zdF9pZCI6IjMyIn19@&#8221; button_url_new_window=&#8221;1&#8243; _builder_version=&#8221;4.23&#8243; _dynamic_attributes=&#8221;button_url&#8221; _module_preset=&#8221;default&#8221; header_level=&#8221;h2&#8243; header_font_size=&#8221;28px&#8221; background_enable_color=&#8221;off&#8221; custom_button=&#8221;on&#8221; button_text_size=&#8221;15px&#8221; button_text_color=&#8221;rgba(0,0,0,0.5)&#8221; button_bg_color=&#8221;RGBA(255,255,255,0)&#8221; button_border_width=&#8221;0px&#8221; button_font=&#8221;|||on|||||&#8221; button_icon=&#8221;&#x35;||divi||400&#8243; button_on_hover=&#8221;off&#8221; custom_padding=&#8221;|20px||20px|false|true&#8221; hover_enabled=&#8221;0&#8243; border_width_left=&#8221;2px&#8221; border_color_left=&#8221;rgba(0,0,0,0.3)&#8221; global_colors_info=&#8221;{}&#8221; title_text=&#8221;icon-Sportswear-2&#8243; sticky_enabled=&#8221;0&#8243;][\/dsm_card][\/et_pb_column][et_pb_column type=&#8221;1_4&#8243; _builder_version=&#8221;4.16&#8243; _module_preset=&#8221;default&#8221; global_colors_info=&#8221;{}&#8221;][dsm_card title=&#8221;\u0110\u1ed3 l\u00f3t&#8221; layout=&#8221;inline&#8221; layout_inline_image_width=&#8221;40%&#8221; image=&#8221;https:\/\/www.ercatcs.com\/wp-content\/uploads\/2023\/10\/icon-Underwear-2.png&#8221; image_as_background=&#8221;off&#8221; image_alignment=&#8221;center&#8221; button_text=&#8221;Nhi\u1ec1u h\u01a1n&#8221; button_url=&#8221;@ET-DC@eyJkeW5hbWljIjp0cnVlLCJjb250ZW50IjoicG9zdF9saW5rX3VybF9wYWdlIiwic2V0dGluZ3MiOnsicG9zdF9pZCI6IjQ5Nzk3In19@&#8221; button_url_new_window=&#8221;1&#8243; _builder_version=&#8221;4.23&#8243; _dynamic_attributes=&#8221;button_url&#8221; _module_preset=&#8221;default&#8221; header_level=&#8221;h2&#8243; header_font_size=&#8221;28px&#8221; background_enable_color=&#8221;off&#8221; custom_button=&#8221;on&#8221; button_text_size=&#8221;15px&#8221; button_text_color=&#8221;rgba(0,0,0,0.5)&#8221; button_bg_color=&#8221;RGBA(255,255,255,0)&#8221; button_border_width=&#8221;0px&#8221; button_font=&#8221;|||on|||||&#8221; button_icon=&#8221;&#x35;||divi||400&#8243; button_on_hover=&#8221;off&#8221; custom_padding=&#8221;|20px||20px|false|true&#8221; hover_enabled=&#8221;0&#8243; border_width_left=&#8221;2px&#8221; border_color_left=&#8221;rgba(0,0,0,0.3)&#8221; global_colors_info=&#8221;{}&#8221; title_text=&#8221;icon-Underwear-2&#8243; sticky_enabled=&#8221;0&#8243;][\/dsm_card][\/et_pb_column][\/et_pb_row][et_pb_row column_structure=&#8221;1_4,1_4,1_4,1_4&#8243; make_equal=&#8221;on&#8221; _builder_version=&#8221;4.19.5&#8243; _module_preset=&#8221;default&#8221; max_width=&#8221;1280px&#8221; custom_padding=&#8221;0px|||||&#8221; global_colors_info=&#8221;{}&#8221;][et_pb_column type=&#8221;1_4&#8243; _builder_version=&#8221;4.16&#8243; _module_preset=&#8221;default&#8221; global_colors_info=&#8221;{}&#8221;][dsm_card title=&#8221;Qu\u1ea7n \u00e1o b\u1ea3o h\u1ed9 lao \u0111\u1ed9ng&#8221; layout=&#8221;inline&#8221; layout_inline_image_width=&#8221;40%&#8221; image=&#8221;https:\/\/www.ercatcs.com\/wp-content\/uploads\/2023\/10\/icon-Workwear-2.png&#8221; image_as_background=&#8221;off&#8221; image_alignment=&#8221;center&#8221; button_text=&#8221;Nhi\u1ec1u h\u01a1n&#8221; button_url=&#8221;@ET-DC@eyJkeW5hbWljIjp0cnVlLCJjb250ZW50IjoicG9zdF9saW5rX3VybF9wYWdlIiwic2V0dGluZ3MiOnsicG9zdF9pZCI6IjQ5Nzg4In19@&#8221; button_url_new_window=&#8221;1&#8243; _builder_version=&#8221;4.23&#8243; _dynamic_attributes=&#8221;button_url&#8221; _module_preset=&#8221;default&#8221; header_level=&#8221;h2&#8243; header_font_size=&#8221;28px&#8221; background_enable_color=&#8221;off&#8221; custom_button=&#8221;on&#8221; button_text_size=&#8221;15px&#8221; button_text_color=&#8221;rgba(0,0,0,0.5)&#8221; button_bg_color=&#8221;RGBA(255,255,255,0)&#8221; button_border_width=&#8221;0px&#8221; button_font=&#8221;|||on|||||&#8221; button_icon=&#8221;&#x35;||divi||400&#8243; button_on_hover=&#8221;off&#8221; custom_padding=&#8221;|20px||20px|false|true&#8221; hover_enabled=&#8221;0&#8243; border_width_left=&#8221;2px&#8221; border_color_left=&#8221;rgba(0,0,0,0.3)&#8221; global_colors_info=&#8221;{}&#8221; title_text=&#8221;icon-Workwear-2&#8243; sticky_enabled=&#8221;0&#8243;][\/dsm_card][\/et_pb_column][et_pb_column type=&#8221;1_4&#8243; _builder_version=&#8221;4.16&#8243; _module_preset=&#8221;default&#8221; global_colors_info=&#8221;{}&#8221;][dsm_card title=&#8221;V\u1ea3i n\u1ed9i th\u1ea5t&#8221; layout=&#8221;inline&#8221; layout_inline_image_width=&#8221;40%&#8221; image=&#8221;https:\/\/www.ercatcs.com\/wp-content\/uploads\/2023\/10\/icon-Interior-Textile-2.png&#8221; image_as_background=&#8221;off&#8221; image_alignment=&#8221;center&#8221; button_text=&#8221;Nhi\u1ec1u h\u01a1n&#8221; button_url=&#8221;@ET-DC@eyJkeW5hbWljIjp0cnVlLCJjb250ZW50IjoicG9zdF9saW5rX3VybF9wYWdlIiwic2V0dGluZ3MiOnsicG9zdF9pZCI6IjUzMDE1In19@&#8221; button_url_new_window=&#8221;1&#8243; _builder_version=&#8221;4.23&#8243; _dynamic_attributes=&#8221;button_url&#8221; _module_preset=&#8221;default&#8221; header_level=&#8221;h2&#8243; header_font_size=&#8221;28px&#8221; background_enable_color=&#8221;off&#8221; custom_button=&#8221;on&#8221; button_text_size=&#8221;15px&#8221; button_text_color=&#8221;rgba(0,0,0,0.5)&#8221; button_bg_color=&#8221;RGBA(255,255,255,0)&#8221; button_border_width=&#8221;0px&#8221; button_font=&#8221;|||on|||||&#8221; button_icon=&#8221;&#x35;||divi||400&#8243; button_on_hover=&#8221;off&#8221; custom_padding=&#8221;|20px||20px|false|true&#8221; hover_enabled=&#8221;0&#8243; border_width_left=&#8221;2px&#8221; border_color_left=&#8221;rgba(0,0,0,0.3)&#8221; global_colors_info=&#8221;{}&#8221; title_text=&#8221;icon-Interior-Textile-2&#8243; sticky_enabled=&#8221;0&#8243;][\/dsm_card][\/et_pb_column][et_pb_column type=&#8221;1_4&#8243; _builder_version=&#8221;4.16&#8243; _module_preset=&#8221;default&#8221; global_colors_info=&#8221;{}&#8221;][dsm_card title=&#8221;\u0110\u1ed3 th\u1ec3 thao n\u0103ng \u0111\u1ed9ng&#8221; layout=&#8221;inline&#8221; layout_inline_image_width=&#8221;40%&#8221; image=&#8221;https:\/\/www.ercatcs.com\/wp-content\/uploads\/2023\/10\/icon-Activewear-2.png&#8221; image_as_background=&#8221;off&#8221; image_alignment=&#8221;center&#8221; button_text=&#8221;Nhi\u1ec1u h\u01a1n&#8221; button_url=&#8221;@ET-DC@eyJkeW5hbWljIjp0cnVlLCJjb250ZW50IjoicG9zdF9saW5rX3VybF9wYWdlIiwic2V0dGluZ3MiOnsicG9zdF9pZCI6IjUzMDE2In19@&#8221; button_url_new_window=&#8221;1&#8243; _builder_version=&#8221;4.23&#8243; _dynamic_attributes=&#8221;button_url&#8221; _module_preset=&#8221;default&#8221; header_level=&#8221;h2&#8243; header_font_size=&#8221;28px&#8221; background_enable_color=&#8221;off&#8221; custom_button=&#8221;on&#8221; button_text_size=&#8221;15px&#8221; button_text_color=&#8221;rgba(0,0,0,0.5)&#8221; button_bg_color=&#8221;RGBA(255,255,255,0)&#8221; button_border_width=&#8221;0px&#8221; button_font=&#8221;|||on|||||&#8221; button_icon=&#8221;&#x35;||divi||400&#8243; button_on_hover=&#8221;off&#8221; custom_padding=&#8221;|20px||20px|false|true&#8221; hover_enabled=&#8221;0&#8243; border_width_left=&#8221;2px&#8221; border_color_left=&#8221;rgba(0,0,0,0.3)&#8221; global_colors_info=&#8221;{}&#8221; title_text=&#8221;icon-Activewear-2&#8243; sticky_enabled=&#8221;0&#8243;][\/dsm_card][\/et_pb_column][et_pb_column type=&#8221;1_4&#8243; _builder_version=&#8221;4.16&#8243; _module_preset=&#8221;default&#8221; global_colors_info=&#8221;{}&#8221;][dsm_card title=&#8221;\u0110\u1ed3 th\u1ec3 thao tho\u1ea3i m\u00e1i&#8221; layout=&#8221;inline&#8221; layout_inline_image_width=&#8221;40%&#8221; image=&#8221;https:\/\/www.ercatcs.com\/wp-content\/uploads\/2023\/10\/icon-Athleisure-2.png&#8221; image_as_background=&#8221;off&#8221; image_alignment=&#8221;center&#8221; button_text=&#8221;Nhi\u1ec1u h\u01a1n&#8221; button_url=&#8221;@ET-DC@eyJkeW5hbWljIjp0cnVlLCJjb250ZW50IjoicG9zdF9saW5rX3VybF9wYWdlIiwic2V0dGluZ3MiOnsicG9zdF9pZCI6IjUzMDE3In19@&#8221; button_url_new_window=&#8221;1&#8243; _builder_version=&#8221;4.23&#8243; _dynamic_attributes=&#8221;button_url&#8221; _module_preset=&#8221;default&#8221; header_level=&#8221;h2&#8243; header_font_size=&#8221;28px&#8221; background_enable_color=&#8221;off&#8221; custom_button=&#8221;on&#8221; button_text_size=&#8221;15px&#8221; button_text_color=&#8221;rgba(0,0,0,0.5)&#8221; button_bg_color=&#8221;RGBA(255,255,255,0)&#8221; button_border_width=&#8221;0px&#8221; button_font=&#8221;|||on|||||&#8221; button_icon=&#8221;&#x35;||divi||400&#8243; button_on_hover=&#8221;off&#8221; custom_padding=&#8221;|20px||20px|false|true&#8221; hover_enabled=&#8221;0&#8243; border_width_left=&#8221;2px&#8221; border_color_left=&#8221;rgba(0,0,0,0.3)&#8221; global_colors_info=&#8221;{}&#8221; title_text=&#8221;icon-Athleisure-2&#8243; sticky_enabled=&#8221;0&#8243;][\/dsm_card][\/et_pb_column][\/et_pb_row][\/et_pb_section]<\/p>\n","protected":false},"excerpt":{"rendered":"<p>M\u1ee5c ti\u00eau c\u1ee7a ERCA TCS l\u00e0 \u0111\u1ea1t \u0111\u01b0\u1ee3c m\u1ed9t th\u1ebf h\u1ec7 h\u00f3a h\u1ecdc tu\u1ea7n ho\u00e0n m\u1edbi c\u00f3 tr\u00e1ch nhi\u1ec7m g\u00f3p ph\u1ea7n c\u1ee5 th\u1ec3 v\u00e0 t\u00edch c\u1ef1c nh\u1eb1m \u0111\u01b0a ra c\u00e1c gi\u1ea3i ph\u00e1p \u0111\u1ed5i m\u1edbi t\u00f9y ch\u1ec9nh nh\u1eb1m t\u1ea1o ra m\u1ed9t d\u00e0n qu\u1ea7n \u00e1o d\u1ec7t nhu\u1ed9m hi\u1ec7n \u0111\u1ea1i ho\u00e0n ch\u1ec9nh, b\u1ec1n v\u1eefng, s\u00e1ng t\u1ea1o v\u00e0 hi\u1ec7u qu\u1ea3. Vui l\u00f2ng t\u00ecm theo danh s\u00e1ch d\u01b0\u1edbi \u0111\u00e2y v\u00e0 trao \u0111\u1ed5i v\u1edbi ch\u00fang t\u00f4i \u0111\u1ec3 t\u00ecm ra gi\u1ea3i ph\u00e1p t\u1ed1t nh\u1ea5t m\u00e0 ch\u00fang t\u00f4i c\u00f3 cho y\u00eau c\u1ea7u c\u1ee7a b\u1ea1n.<div class=\"et_pb_with_border et_pb_module dsm_card dsm_card_0 et_pb_bg_layout_light  dsm_card_layout_inline\">\n\t\t\t\t\n\t\t\t\t\n\t\t\t\t\n\t\t\t\t\n\t\t\t\t\n\t\t\t\t\n\t\t\t\t<div class=\"et_pb_module_inner\">\n\t\t\t\t\t\n\t\t\t\n\t\t\t<figure class=\"dsm_card_image_wrapper dsm_card_badge_top_right\"><img decoding=\"async\" src=\"https:\/\/www.ercatcs.com\/wp-content\/uploads\/2023\/10\/icon-Fashion-2.png\" alt=\"\" class=\"dsm_card_img dsm_card_image_stretch\" \/><\/figure>\n\t\t\t<div class=\"et_pb_module dsm_card_wrapper et_pb_text_align_left\">\n\t\t\t\t\t\n\t\t\t\t\t<h2 class=\"dsm_card_title et_pb_module_header\">\u0110\u1ed3 th\u1eddi trang<\/h2>\n\t\t\t\t\t\n\t\t\t\t\t\n\t\t\t\t\t<div class=\"et_pb_button_wrapper\"><a class=\"et_pb_button et_pb_more_button \" href=\"\" data-icon=\"5\">Nhi\u1ec1u h\u01a1n<\/a><\/div>\n\t\t\t\t<\/div>\n\t\t\t\n\t\t\t\t<\/div>\n\t\t\t<\/div><div class=\"et_pb_with_border et_pb_module dsm_card dsm_card_1 et_pb_bg_layout_light  dsm_card_layout_inline\">\n\t\t\t\t\n\t\t\t\t\n\t\t\t\t\n\t\t\t\t\n\t\t\t\t\n\t\t\t\t\n\t\t\t\t<div class=\"et_pb_module_inner\">\n\t\t\t\t\t\n\t\t\t\n\t\t\t<figure class=\"dsm_card_image_wrapper dsm_card_badge_top_right\"><img decoding=\"async\" src=\"https:\/\/www.ercatcs.com\/wp-content\/uploads\/2023\/10\/icon-Home-Textile-2.png\" alt=\"\" class=\"dsm_card_img dsm_card_image_stretch\" \/><\/figure>\n\t\t\t<div class=\"et_pb_module dsm_card_wrapper et_pb_text_align_left\">\n\t\t\t\t\t\n\t\t\t\t\t<h2 class=\"dsm_card_title et_pb_module_header\">\u0110\u1ed3 gia d\u1ee5ng<\/h2>\n\t\t\t\t\t\n\t\t\t\t\t\n\t\t\t\t\t<div class=\"et_pb_button_wrapper\"><a class=\"et_pb_button et_pb_more_button \" href=\"\" data-icon=\"5\">Nhi\u1ec1u h\u01a1n<\/a><\/div>\n\t\t\t\t<\/div>\n\t\t\t\n\t\t\t\t<\/div>\n\t\t\t<\/div><div class=\"et_pb_with_border et_pb_module dsm_card dsm_card_2 et_pb_bg_layout_light  dsm_card_layout_inline\">\n\t\t\t\t\n\t\t\t\t\n\t\t\t\t\n\t\t\t\t\n\t\t\t\t\n\t\t\t\t\n\t\t\t\t<div class=\"et_pb_module_inner\">\n\t\t\t\t\t\n\t\t\t\n\t\t\t<figure class=\"dsm_card_image_wrapper dsm_card_badge_top_right\"><img decoding=\"async\" src=\"https:\/\/www.ercatcs.com\/wp-content\/uploads\/2023\/10\/icon-Sportswear-2.png\" alt=\"\" class=\"dsm_card_img dsm_card_image_stretch\" \/><\/figure>\n\t\t\t<div class=\"et_pb_module dsm_card_wrapper et_pb_text_align_left\">\n\t\t\t\t\t\n\t\t\t\t\t<h2 class=\"dsm_card_title et_pb_module_header\">\u0110\u1ed3 th\u1ec3 thao<\/h2>\n\t\t\t\t\t\n\t\t\t\t\t\n\t\t\t\t\t<div class=\"et_pb_button_wrapper\"><a class=\"et_pb_button et_pb_more_button \" href=\"\" data-icon=\"5\">Nhi\u1ec1u h\u01a1n<\/a><\/div>\n\t\t\t\t<\/div>\n\t\t\t\n\t\t\t\t<\/div>\n\t\t\t<\/div><div class=\"et_pb_module dsm_card dsm_card_3 et_pb_bg_layout_light  dsm_card_layout_&#8221;inline&#8221;\">\n\t\t\t\t\n\t\t\t\t\n\t\t\t\t\n\t\t\t\t\n\t\t\t\t\n\t\t\t\t\n\t\t\t\t<div class=\"et_pb_module_inner\">\n\t\t\t\t\t\n\t\t\t\n\t\t\t<figure class=\"dsm_card_image_wrapper dsm_card_badge_top_right\"><img decoding=\"async\" src=\"\" alt=\"\" class=\"et_multi_view_hidden_image dsm_card_img dsm_card_image_stretch\" \/><\/figure>\n\t\t\t<div class=\"et_pb_module dsm_card_wrapper et_pb_text_align_left\">\n\t\t\t\t\t\n\t\t\t\t\t<h4 class=\"dsm_card_title et_pb_module_header\">&#8221;\u0110\u1ed3<\/h4>\n\t\t\t\t\t\n\t\t\t\t\t\n\t\t\t\t\t<div class=\"et_pb_button_wrapper\"><a class=\"et_pb_button et_pb_more_button \" href=\"http:\/\/&#8221;&#8221;\">&#8221;Nhi\u1ec1u<\/a><\/div>\n\t\t\t\t<\/div>\n\t\t\t\n\t\t\t\t<\/div>\n\t\t\t<\/div><\/p>\n","protected":false},"author":1,"featured_media":0,"parent":0,"menu_order":0,"comment_status":"closed","ping_status":"closed","template":"","meta":{"_et_pb_use_builder":"on","_et_pb_old_content":"","_et_gb_content_width":"","footnotes":""},"categories":[],"tags":[],"class_list":["post-57812","page","type-page","status-publish","hentry"],"_links":{"self":[{"href":"https:\/\/www.ercatcs.com\/vi\/wp-json\/wp\/v2\/pages\/57812","targetHints":{"allow":["GET"]}}],"collection":[{"href":"https:\/\/www.ercatcs.com\/vi\/wp-json\/wp\/v2\/pages"}],"about":[{"href":"https:\/\/www.ercatcs.com\/vi\/wp-json\/wp\/v2\/types\/page"}],"author":[{"embeddable":true,"href":"https:\/\/www.ercatcs.com\/vi\/wp-json\/wp\/v2\/users\/1"}],"replies":[{"embeddable":true,"href":"https:\/\/www.ercatcs.com\/vi\/wp-json\/wp\/v2\/comments?post=57812"}],"version-history":[{"count":8,"href":"https:\/\/www.ercatcs.com\/vi\/wp-json\/wp\/v2\/pages\/57812\/revisions"}],"predecessor-version":[{"id":57885,"href":"https:\/\/www.ercatcs.com\/vi\/wp-json\/wp\/v2\/pages\/57812\/revisions\/57885"}],"wp:attachment":[{"href":"https:\/\/www.ercatcs.com\/vi\/wp-json\/wp\/v2\/media?parent=57812"}],"wp:term":[{"taxonomy":"category","embeddable":true,"href":"https:\/\/www.ercatcs.com\/vi\/wp-json\/wp\/v2\/categories?post=57812"},{"taxonomy":"post_tag","embeddable":true,"href":"https:\/\/www.ercatcs.com\/vi\/wp-json\/wp\/v2\/tags?post=57812"}],"curies":[{"name":"wp","href":"https:\/\/api.w.org\/{rel}","templated":true}]}}