{"id":57809,"date":"2021-11-11T11:23:43","date_gmt":"2021-11-11T10:23:43","guid":{"rendered":"https:\/\/www.ercatcs.com\/san-pham\/"},"modified":"2024-05-23T10:04:59","modified_gmt":"2024-05-23T08:04:59","slug":"san-pham","status":"publish","type":"page","link":"https:\/\/www.ercatcs.com\/vi\/san-pham\/","title":{"rendered":"S\u1ea3n ph\u1ea9m"},"content":{"rendered":"<p>[et_pb_section fb_built=&#8221;1&#8243; fullwidth=&#8221;on&#8221; _builder_version=&#8221;4.16&#8243; _module_preset=&#8221;default&#8221; da_disable_devices=&#8221;off|off|off&#8221; locked=&#8221;off&#8221; global_colors_info=&#8221;{}&#8221; da_is_popup=&#8221;off&#8221; da_exit_intent=&#8221;off&#8221; da_has_close=&#8221;on&#8221; da_alt_close=&#8221;off&#8221; da_dark_close=&#8221;off&#8221; da_not_modal=&#8221;on&#8221; da_is_singular=&#8221;off&#8221; da_with_loader=&#8221;off&#8221; da_has_shadow=&#8221;on&#8221;][et_pb_fullwidth_header title=&#8221;@ET-DC@eyJkeW5hbWljIjp0cnVlLCJjb250ZW50IjoicG9zdF90aXRsZSIsInNldHRpbmdzIjp7ImJlZm9yZSI6IiIsImFmdGVyIjoiIn19@&#8221; _builder_version=&#8221;4.19.5&#8243; _dynamic_attributes=&#8221;title&#8221; _module_preset=&#8221;default&#8221; title_font=&#8221;||||||||&#8221; title_text_color=&#8221;#000000&#8243; title_font_size=&#8221;60px&#8221; background_enable_color=&#8221;off&#8221; background_image=&#8221;https:\/\/www.ercatcs.com\/wp-content\/uploads\/2023\/02\/Erca-TCS-Products-1.webp&#8221; background_position=&#8221;bottom_center&#8221; background_vertical_offset=&#8221;36%&#8221; custom_padding=&#8221;20%||8%||false|false&#8221; custom_padding_tablet=&#8221;28%||10%||false|false&#8221; custom_padding_phone=&#8221;25%||||false|false&#8221; custom_padding_last_edited=&#8221;on|tablet&#8221; title_font_size_tablet=&#8221;50px&#8221; title_font_size_phone=&#8221;40px&#8221; title_font_size_last_edited=&#8221;on|phone&#8221; global_colors_info=&#8221;{}&#8221;][\/et_pb_fullwidth_header][\/et_pb_section][et_pb_section fb_built=&#8221;1&#8243; _builder_version=&#8221;4.19.5&#8243; _module_preset=&#8221;default&#8221; custom_padding=&#8221;100px||100px||true|false&#8221; da_disable_devices=&#8221;off|off|off&#8221; global_colors_info=&#8221;{}&#8221; da_is_popup=&#8221;off&#8221; da_exit_intent=&#8221;off&#8221; da_has_close=&#8221;on&#8221; da_alt_close=&#8221;off&#8221; da_dark_close=&#8221;off&#8221; da_not_modal=&#8221;on&#8221; da_is_singular=&#8221;off&#8221; da_with_loader=&#8221;off&#8221; da_has_shadow=&#8221;on&#8221;][et_pb_row column_structure=&#8221;2_5,3_5&#8243; use_custom_gutter=&#8221;on&#8221; make_equal=&#8221;on&#8221; _builder_version=&#8221;4.16&#8243; _module_preset=&#8221;default&#8221; global_colors_info=&#8221;{}&#8221;][et_pb_column type=&#8221;2_5&#8243; _builder_version=&#8221;4.16&#8243; _module_preset=&#8221;default&#8221; global_colors_info=&#8221;{}&#8221;][et_pb_image src=&#8221;https:\/\/www.ercatcs.com\/wp-content\/uploads\/2023\/01\/marine-drop-box-370.png&#8221; title_text=&#8221;AdobeStock_113646668_Preview&#8221; force_fullwidth=&#8221;on&#8221; _builder_version=&#8221;4.19.5&#8243; _module_preset=&#8221;default&#8221; background_image=&#8221;https:\/\/www.ercatcs.com\/wp-content\/uploads\/2023\/02\/AdobeStock_113646668_Preview.jpeg&#8221; global_colors_info=&#8221;{}&#8221;][\/et_pb_image][\/et_pb_column][et_pb_column type=&#8221;3_5&#8243; module_class=&#8221;iq-centra-verticale&#8221; _builder_version=&#8221;4.16&#8243; _module_preset=&#8221;default&#8221; global_colors_info=&#8221;{}&#8221;][et_pb_text _builder_version=&#8221;4.19.5&#8243; _module_preset=&#8221;default&#8221; header_2_line_height=&#8221;1.2em&#8221; global_colors_info=&#8221;{}&#8221;]<\/p>\n<p>ERCA TCS gi\u1edbi thi\u1ec7u m\u1ed9t lo\u1ea1t c\u00e1c s\u1ea3n ph\u1ea9m \u0111\u1eb7c bi\u1ec7t v\u1ec1 h\u00f3a ch\u1ea5t chuy\u00ean d\u1ee5ng v\u00e0 h\u00f3a ch\u1ea5t trung gian \u0111\u01b0\u1ee3c th\u00fac \u0111\u1ea9y b\u1edfi s\u1ef1 \u0111\u1ed5i m\u1edbi c\u00f3 tr\u00e1ch nhi\u1ec7m v\u00e0 t\u00ednh tu\u1ea7n ho\u00e0n. Danh m\u1ee5c s\u1ea3n ph\u1ea9m \u0111\u1ea7y \u0111\u1ee7 ch\u1ee7ng lo\u1ea1i c\u1ee7a ch\u00fang t\u00f4i, c\u00f9ng v\u1edbi chuy\u00ean m\u00f4n v\u1ec1 quy tr\u00ecnh d\u1ec7t nhu\u1ed9m, mang l\u1ea1i hi\u1ec7u qu\u1ea3 trong qu\u00e1 tr\u00ecnh l\u00e0m vi\u1ec7c v\u00e0 \u0111\u00e1p \u1ee9ng c\u00e1c y\u00eau c\u1ea7u do ng\u01b0\u1eddi d\u00f9ng cu\u1ed1i \u0111\u1eb7t ra.<\/p>\n<p>H\u01a1n n\u1eefa, c\u00e1c gi\u1ea3i ph\u00e1p c\u1ee7a ch\u00fang t\u00f4i bao g\u1ed3m c\u00e1c y\u00eau c\u1ea7u v\u1ec1 m\u00f4i tr\u01b0\u1eddng v\u00e0 \u0111\u1ea1o \u0111\u1ee9c m\u00e0 c\u00e1c nh\u00e0 m\u00e1y nhu\u1ed9m v\u00e0 ho\u00e0n t\u1ea5t h\u00e0ng d\u1ec7t may ph\u1ea3i \u0111\u00e1p \u1ee9ng theo c\u00e1c ti\u00eau chu\u1ea9n c\u1ee7a ng\u01b0\u1eddi \u0111\u1eb7t h\u00e0ng.<\/p>\n<p>[\/et_pb_text][\/et_pb_column][\/et_pb_row][\/et_pb_section][et_pb_section fb_built=&#8221;1&#8243; _builder_version=&#8221;4.19.4&#8243; _module_preset=&#8221;default&#8221; custom_padding=&#8221;0px|||||&#8221; da_disable_devices=&#8221;off|off|off&#8221; global_colors_info=&#8221;{}&#8221; da_is_popup=&#8221;off&#8221; da_exit_intent=&#8221;off&#8221; da_has_close=&#8221;on&#8221; da_alt_close=&#8221;off&#8221; da_dark_close=&#8221;off&#8221; da_not_modal=&#8221;on&#8221; da_is_singular=&#8221;off&#8221; da_with_loader=&#8221;off&#8221; da_has_shadow=&#8221;on&#8221;][et_pb_row column_structure=&#8221;1_2,1_2&#8243; custom_padding_last_edited=&#8221;on|tablet&#8221; _builder_version=&#8221;4.19.4&#8243; _module_preset=&#8221;default&#8221; background_color=&#8221;#977248&#8243; background_enable_image=&#8221;off&#8221; background_size=&#8221;initial&#8221; background_position=&#8221;bottom_left&#8221; custom_margin_tablet=&#8221;&#8221; custom_margin_phone=&#8221;||||false|false&#8221; custom_margin_last_edited=&#8221;on|phone&#8221; custom_padding=&#8221;50px|50px|50px|50px|true|true&#8221; custom_padding_tablet=&#8221;||50px||false|true&#8221; custom_padding_phone=&#8221;50px|50px|50px|50px|false|true&#8221; global_colors_info=&#8221;{}&#8221;][et_pb_column type=&#8221;1_2&#8243; _builder_version=&#8221;4.16&#8243; _module_preset=&#8221;default&#8221; global_colors_info=&#8221;{}&#8221;][et_pb_text _builder_version=&#8221;4.19.4&#8243; _module_preset=&#8221;default&#8221; header_2_font=&#8221;|||on|||||&#8221; header_2_text_color=&#8221;#FFFFFF&#8221; header_2_font_size=&#8221;46px&#8221; global_colors_info=&#8221;{}&#8221;]<\/p>\n<h2>S\u1ea3n ph\u1ea9m<\/h2>\n<p>[\/et_pb_text][\/et_pb_column][et_pb_column type=&#8221;1_2&#8243; _builder_version=&#8221;4.16&#8243; _module_preset=&#8221;default&#8221; global_colors_info=&#8221;{}&#8221;][et_pb_toggle title=&#8221;Ph\u00e2n lo\u1ea1i theo lo\u1ea1i s\u1ee3i:&#8221; open_toggle_text_color=&#8221;#FFFFFF&#8221; closed_toggle_text_color=&#8221;#FFFFFF&#8221; icon_color=&#8221;#FFFFFF&#8221; open_icon_color=&#8221;#FFFFFF&#8221; _builder_version=&#8221;4.20.2&#8243; _module_preset=&#8221;default&#8221; title_text_color=&#8221;#FFFFFF&#8221; title_level=&#8221;h4&#8243; title_font=&#8221;|||on|||||&#8221; title_font_size=&#8221;18px&#8221; body_text_color=&#8221;rgba(255,255,255,0.8)&#8221; body_link_font=&#8221;||||on||||&#8221; body_link_text_color=&#8221;#FFFFFF&#8221; background_color=&#8221;RGBA(255,255,255,0)&#8221; custom_padding=&#8221;||0px||false|false&#8221; border_width_all=&#8221;0px&#8221; global_colors_info=&#8221;{}&#8221;]<\/p>\n<ul>\n<li><a href=\"\/product-range\/?wpf=categories&amp;wpf_cols=3&amp;wpf_fibres=cellulosic\">S\u1ee3i xenlulo &gt;<\/a><br \/>\n<a href=\"\/product-range\/?wpf=categories&amp;wpf_cols=3&amp;wpf_fibres=polyamide\"><\/a><\/li>\n<li><a href=\"\/product-range\/?wpf=categories&amp;wpf_cols=3&amp;wpf_fibres=polyamide\">S\u1ee3i polyamide &gt;<\/a><\/li>\n<li><a href=\"\/product-range\/?wpf=categories&amp;wpf_cols=3&amp;wpf_fibres=polyester\">S\u1ee3i polyester &gt;<\/a><\/li>\n<li><a href=\"\/product-range\/?wpf=categories&amp;wpf_cols=3&amp;wpf_fibres=others&amp;wpf_sub-family=others\">Lo\u1ea1i s\u1ee3i kh\u00e1c &gt;<\/a><\/li>\n<\/ul>\n<p>[\/et_pb_toggle][et_pb_divider color=&#8221;#FFFFFF&#8221; divider_position=&#8221;center&#8221; _builder_version=&#8221;4.19.4&#8243; _module_preset=&#8221;default&#8221; custom_margin=&#8221;0px||0px||true|false&#8221; global_colors_info=&#8221;{}&#8221;][\/et_pb_divider][et_pb_toggle title=&#8221;Ph\u00e2n lo\u1ea1i theo quy tr\u00ecnh:&#8221; open_toggle_text_color=&#8221;#FFFFFF&#8221; closed_toggle_text_color=&#8221;#FFFFFF&#8221; icon_color=&#8221;#FFFFFF&#8221; open_icon_color=&#8221;#FFFFFF&#8221; _builder_version=&#8221;4.20.2&#8243; _module_preset=&#8221;default&#8221; title_text_color=&#8221;#FFFFFF&#8221; title_level=&#8221;h4&#8243; title_font=&#8221;|||on|||||&#8221; title_font_size=&#8221;18px&#8221; body_text_color=&#8221;rgba(255,255,255,0.8)&#8221; body_link_font=&#8221;||||on||||&#8221; body_link_text_color=&#8221;#FFFFFF&#8221; background_color=&#8221;RGBA(255,255,255,0)&#8221; border_width_all=&#8221;0px&#8221; global_colors_info=&#8221;{}&#8221;]<\/p>\n<ul>\n<li><a href=\"\/product-range\/?wpf=categories&amp;wpf_cols=3&amp;wpf_process=pretreatment\">Ti\u1ec1n x\u1eed l\u00fd &gt;<\/a><\/li>\n<li><a href=\"\/product-range\/?wpf=categories&amp;wpf_cols=3&amp;wpf_process=dyeing\">Nhu\u1ed9m &gt;<\/a><\/li>\n<li><a href=\"\/product-range\/?wpf=categories&amp;wpf_cols=3&amp;wpf_process=finishing\">Ho\u00e0n t\u1ea5t &gt;<\/a><\/li>\n<\/ul>\n<p>[\/et_pb_toggle][\/et_pb_column][\/et_pb_row][\/et_pb_section][et_pb_section fb_built=&#8221;1&#8243; _builder_version=&#8221;4.19.4&#8243; _module_preset=&#8221;default&#8221; custom_padding=&#8221;0px||150px||false|false&#8221; da_disable_devices=&#8221;off|off|off&#8221; locked=&#8221;off&#8221; global_colors_info=&#8221;{}&#8221; da_is_popup=&#8221;off&#8221; da_exit_intent=&#8221;off&#8221; da_has_close=&#8221;on&#8221; da_alt_close=&#8221;off&#8221; da_dark_close=&#8221;off&#8221; da_not_modal=&#8221;on&#8221; da_is_singular=&#8221;off&#8221; da_with_loader=&#8221;off&#8221; da_has_shadow=&#8221;on&#8221;][et_pb_row column_structure=&#8221;1_2,1_2&#8243; custom_padding_last_edited=&#8221;on|tablet&#8221; _builder_version=&#8221;4.19.4&#8243; _module_preset=&#8221;default&#8221; background_color=&#8221;#12a7bc&#8221; background_enable_image=&#8221;off&#8221; background_size=&#8221;initial&#8221; background_position=&#8221;bottom_left&#8221; custom_margin_tablet=&#8221;&#8221; custom_margin_phone=&#8221;||||false|false&#8221; custom_margin_last_edited=&#8221;on|phone&#8221; custom_padding=&#8221;50px|0px|0px|50px|false|false&#8221; custom_padding_tablet=&#8221;||50px||false|true&#8221; custom_padding_phone=&#8221;50px|50px|50px|50px|false|true&#8221; global_colors_info=&#8221;{}&#8221;][et_pb_column type=&#8221;1_2&#8243; _builder_version=&#8221;4.16&#8243; _module_preset=&#8221;default&#8221; global_colors_info=&#8221;{}&#8221;][et_pb_text _builder_version=&#8221;4.19.4&#8243; _module_preset=&#8221;default&#8221; header_2_font=&#8221;|||on|||||&#8221; header_2_text_color=&#8221;#FFFFFF&#8221; header_2_font_size=&#8221;46px&#8221; global_colors_info=&#8221;{}&#8221;]<\/p>\n<h2><span>Th\u01b0\u01a1ng hi\u1ec7u<br \/>S\u1ea3n ph\u1ea9m<\/span><\/h2>\n<p>[\/et_pb_text][\/et_pb_column][et_pb_column type=&#8221;1_2&#8243; _builder_version=&#8221;4.16&#8243; _module_preset=&#8221;default&#8221; global_colors_info=&#8221;{}&#8221;][et_pb_toggle title=&#8221;REVECOL\u00ae&#8221; open_toggle_text_color=&#8221;#FFFFFF&#8221; closed_toggle_text_color=&#8221;#FFFFFF&#8221; icon_color=&#8221;#FFFFFF&#8221; open_icon_color=&#8221;#FFFFFF&#8221; _builder_version=&#8221;4.20.2&#8243; _module_preset=&#8221;default&#8221; title_text_color=&#8221;#FFFFFF&#8221; title_level=&#8221;h4&#8243; title_font=&#8221;||||||||&#8221; title_font_size=&#8221;18px&#8221; body_text_color=&#8221;rgba(255,255,255,0.8)&#8221; body_link_font=&#8221;||||on||||&#8221; body_link_text_color=&#8221;#FFFFFF&#8221; background_color=&#8221;RGBA(255,255,255,0)&#8221; custom_padding=&#8221;||0px||false|false&#8221; border_width_all=&#8221;0px&#8221; locked=&#8221;off&#8221; global_colors_info=&#8221;{}&#8221;]Ch\u1ea5t ph\u1ee5 tr\u1ee3 th\u1ebf h\u1ec7 m\u1edbi \u0111\u01b0\u1ee3c t\u1ed5ng h\u1ee3p b\u1eaft \u0111\u1ea7u t\u1eeb nguy\u00ean li\u1ec7u th\u00f4 t\u00e1i ch\u1ebf.<\/p>\n<p><a href=\"https:\/\/www.ercatcs.com\/revecol\/\">Kh\u00e1m ph\u00e1 nhi\u1ec1u h\u01a1n &gt;<\/a><br \/>\n<a href=\"\/product-range\/?wpf=categories&amp;wpf_cols=3&amp;wpf_categories=revecol\"><span>Xem danh s\u00e1ch s\u1ea3n ph\u1ea9m &gt;<\/span><\/a>[\/et_pb_toggle][et_pb_divider color=&#8221;#FFFFFF&#8221; divider_position=&#8221;center&#8221; _builder_version=&#8221;4.19.4&#8243; _module_preset=&#8221;default&#8221; custom_margin=&#8221;0px||0px||true|false&#8221; global_colors_info=&#8221;{}&#8221;][\/et_pb_divider][et_pb_toggle title=&#8221;ReactEVO\u00ae&#8221; open_toggle_text_color=&#8221;#FFFFFF&#8221; closed_toggle_text_color=&#8221;#FFFFFF&#8221; icon_color=&#8221;#FFFFFF&#8221; open_icon_color=&#8221;#FFFFFF&#8221; _builder_version=&#8221;4.20.2&#8243; _module_preset=&#8221;default&#8221; title_text_color=&#8221;#FFFFFF&#8221; title_level=&#8221;h4&#8243; title_font=&#8221;||||||||&#8221; title_font_size=&#8221;18px&#8221; body_text_color=&#8221;rgba(255,255,255,0.8)&#8221; body_link_font=&#8221;||||on||||&#8221; body_link_text_color=&#8221;#FFFFFF&#8221; background_color=&#8221;RGBA(255,255,255,0)&#8221; custom_padding=&#8221;||0px||false|false&#8221; border_width_all=&#8221;0px&#8221; locked=&#8221;off&#8221; global_colors_info=&#8221;{}&#8221;]<\/p>\n<p>ReactEVO: l\u00e0 m\u1ed9t quy tr\u00ecnh \u0111\u01b0a ra kh\u00e1i ni\u1ec7m ho\u00e0n to\u00e0n m\u1edbi v\u1ec1 qui tr\u00ecnh x\u1eed l\u00fd sau nhu\u1ed9m b\u1eb1ng thu\u1ed1c nhu\u1ed9m ho\u1ea1t t\u00ednh cho ph\u00e9p gi\u1ea3m \u0111\u00e1ng k\u1ec3 m\u1ee9c ti\u00eau th\u1ee5 n\u0103ng l\u01b0\u1ee3ng, l\u01b0\u1ee3ng n\u01b0\u1edbc, c\u1eaft gi\u1ea3m \u0111\u00e1ng k\u1ec3 t\u1ed5ng th\u1eddi gian x\u1eed l\u00fd v\u00e0 l\u01b0\u1ee3ng kh\u00ed th\u1ea3i CO2.<\/p>\n<p>T\u1ea5t c\u1ea3 c\u00e1c s\u1ea3n ph\u1ea9m ReactEVO\u00ae \u0111\u1ec1u \u0111\u01b0\u1ee3c x\u00e1c nh\u1eadn tu\u00e2n th\u1ee7 c\u00e1c y\u00eau c\u1ea7u c\u1ee7a Oeko Tex Standard 100 v\u00e0 t\u1ea5t c\u1ea3 \u0111\u1ec1u \u0111\u01b0\u1ee3c GOTS v\u00e0 Bluesign\u00ae ph\u00ea duy\u1ec7t.<\/p>\n<p><a href=\"\/product-range\/?wpf=categories&amp;wpf_cols=3&amp;wpf_categories=reactevo\"><span>Xem danh s\u00e1ch s\u1ea3n ph\u1ea9m<\/span> &gt;<\/a><br \/><a href=\"#reactevo-video\">Xem video &gt;<\/a><\/p>\n<p>[\/et_pb_toggle][et_pb_divider color=&#8221;#FFFFFF&#8221; divider_position=&#8221;center&#8221; _builder_version=&#8221;4.19.4&#8243; _module_preset=&#8221;default&#8221; custom_margin=&#8221;0px||0px||true|false&#8221; global_colors_info=&#8221;{}&#8221;][\/et_pb_divider][et_pb_toggle title=&#8221;Blancolux\u00ae&#8221; open_toggle_text_color=&#8221;#FFFFFF&#8221; closed_toggle_text_color=&#8221;#FFFFFF&#8221; icon_color=&#8221;#FFFFFF&#8221; open_icon_color=&#8221;#FFFFFF&#8221; _builder_version=&#8221;4.20.2&#8243; _module_preset=&#8221;default&#8221; title_text_color=&#8221;#FFFFFF&#8221; title_level=&#8221;h4&#8243; title_font=&#8221;||||||||&#8221; title_font_size=&#8221;18px&#8221; body_text_color=&#8221;rgba(255,255,255,0.8)&#8221; body_link_font=&#8221;||||on||||&#8221; body_link_text_color=&#8221;#FFFFFF&#8221; background_color=&#8221;RGBA(255,255,255,0)&#8221; border_width_all=&#8221;0px&#8221; locked=&#8221;off&#8221; global_colors_info=&#8221;{}&#8221;]Blancolux: l\u00e0 d\u00f2ng ch\u1ea5t t\u0103ng tr\u1eafng quang h\u1ecdc ho\u00e0n ch\u1ec9nh d\u00e0nh cho t\u1ea5t c\u1ea3 c\u00e1c lo\u1ea1i s\u1ee3i d\u1ec7t nh\u01b0 xenlulo, polyester, polyamit, l\u1ee5a v\u00e0 len, mang l\u1ea1i kh\u1ea3 n\u0103ng \u0111\u1ea1t \u0111\u01b0\u1ee3c \u00e1nh tr\u1eafng r\u1ea5t s\u00e1ng v\u1edbi \u00e1nh m\u00e0u y\u00eau c\u1ea7u.<\/p>\n<p><a href=\"\/product-range\/?wpf=categories&amp;wpf_cols=3&amp;wpf_categories=optical-brighteners\"><span>Xem danh s\u00e1ch s\u1ea3n ph\u1ea9m<\/span> &gt;<\/a>[\/et_pb_toggle][\/et_pb_column][\/et_pb_row][et_pb_row _builder_version=&#8221;4.19.4&#8243; _module_preset=&#8221;default&#8221; background_color=&#8221;#12a7bc&#8221; background_enable_image=&#8221;off&#8221; background_size=&#8221;initial&#8221; background_position=&#8221;bottom_left&#8221; global_colors_info=&#8221;{}&#8221;][et_pb_column type=&#8221;4_4&#8243; _builder_version=&#8221;4.16&#8243; _module_preset=&#8221;default&#8221; global_colors_info=&#8221;{}&#8221;][et_pb_image src=&#8221;https:\/\/www.ercatcs.com\/wp-content\/uploads\/2023\/01\/brown-drop-element-150.png&#8221; title_text=&#8221;brown-drop-element-150&#8243; _builder_version=&#8221;4.19.4&#8243; _module_preset=&#8221;default&#8221; positioning=&#8221;absolute&#8221; position_origin_a=&#8221;bottom_left&#8221; position_origin_f=&#8221;bottom_left&#8221; position_origin_r=&#8221;bottom_left&#8221; vertical_offset=&#8221;-103px&#8221; position_origin_a_tablet=&#8221;bottom_left&#8221; position_origin_a_phone=&#8221;bottom_left&#8221; position_origin_a_last_edited=&#8221;on|phone&#8221; position_origin_f_tablet=&#8221;bottom_left&#8221; position_origin_f_phone=&#8221;bottom_left&#8221; position_origin_f_last_edited=&#8221;on|desktop&#8221; position_origin_r_tablet=&#8221;bottom_left&#8221; position_origin_r_phone=&#8221;bottom_left&#8221; position_origin_r_last_edited=&#8221;on|desktop&#8221; width=&#8221;100%&#8221; positioning_tablet=&#8221;absolute&#8221; positioning_phone=&#8221;absolute&#8221; positioning_last_edited=&#8221;on|tablet&#8221; global_colors_info=&#8221;{}&#8221;][\/et_pb_image][\/et_pb_column][\/et_pb_row][\/et_pb_section][et_pb_section fb_built=&#8221;1&#8243; disabled_on=&#8221;off|off|off&#8221; admin_label=&#8221;Popup &#8211; #reactevo-video&#8221; module_id=&#8221;reactevo-video&#8221; module_class=&#8221;popup&#8221; _builder_version=&#8221;4.20.2&#8243; _module_preset=&#8221;default&#8221; width=&#8221;1080px&#8221; custom_padding=&#8221;0px||0px||true|false&#8221; da_is_popup=&#8221;on&#8221; da_popup_slug=&#8221;reactevo-video&#8221; da_disable_devices=&#8221;off|off|off&#8221; global_colors_info=&#8221;{}&#8221; da_exit_intent=&#8221;off&#8221; da_has_close=&#8221;on&#8221; da_alt_close=&#8221;off&#8221; da_dark_close=&#8221;off&#8221; da_not_modal=&#8221;on&#8221; da_is_singular=&#8221;off&#8221; da_with_loader=&#8221;off&#8221; da_has_shadow=&#8221;on&#8221;][et_pb_row _builder_version=&#8221;4.20.2&#8243; _module_preset=&#8221;default&#8221; width=&#8221;100%&#8221; custom_padding=&#8221;0px||0px||true|false&#8221; global_colors_info=&#8221;{}&#8221;][et_pb_column type=&#8221;4_4&#8243; _builder_version=&#8221;4.20.2&#8243; _module_preset=&#8221;default&#8221; global_colors_info=&#8221;{}&#8221;][et_pb_video src=&#8221;https:\/\/youtu.be\/BTtd7M2aufE&#8221; _builder_version=&#8221;4.20.2&#8243; _module_preset=&#8221;default&#8221; global_colors_info=&#8221;{}&#8221;][\/et_pb_video][\/et_pb_column][\/et_pb_row][\/et_pb_section]<\/p>\n","protected":false},"excerpt":{"rendered":"<p>ERCA TCS gi\u1edbi thi\u1ec7u m\u1ed9t lo\u1ea1t c\u00e1c s\u1ea3n ph\u1ea9m \u0111\u1eb7c bi\u1ec7t v\u1ec1 h\u00f3a ch\u1ea5t chuy\u00ean d\u1ee5ng v\u00e0 h\u00f3a ch\u1ea5t trung gian \u0111\u01b0\u1ee3c th\u00fac \u0111\u1ea9y b\u1edfi s\u1ef1 \u0111\u1ed5i m\u1edbi c\u00f3 tr\u00e1ch nhi\u1ec7m v\u00e0 t\u00ednh tu\u1ea7n ho\u00e0n. Danh m\u1ee5c s\u1ea3n ph\u1ea9m \u0111\u1ea7y \u0111\u1ee7 ch\u1ee7ng lo\u1ea1i c\u1ee7a ch\u00fang t\u00f4i, c\u00f9ng v\u1edbi chuy\u00ean m\u00f4n v\u1ec1 quy tr\u00ecnh d\u1ec7t nhu\u1ed9m, mang l\u1ea1i hi\u1ec7u qu\u1ea3 trong qu\u00e1 tr\u00ecnh l\u00e0m vi\u1ec7c v\u00e0 \u0111\u00e1p \u1ee9ng c\u00e1c y\u00eau c\u1ea7u do ng\u01b0\u1eddi d\u00f9ng cu\u1ed1i \u0111\u1eb7t ra. H\u01a1n n\u1eefa, c\u00e1c gi\u1ea3i ph\u00e1p c\u1ee7a ch\u00fang t\u00f4i bao g\u1ed3m c\u00e1c y\u00eau c\u1ea7u v\u1ec1 m\u00f4i tr\u01b0\u1eddng v\u00e0 \u0111\u1ea1o \u0111\u1ee9c m\u00e0 c\u00e1c nh\u00e0 m\u00e1y nhu\u1ed9m v\u00e0 ho\u00e0n t\u1ea5t h\u00e0ng d\u1ec7t may ph\u1ea3i \u0111\u00e1p \u1ee9ng theo c\u00e1c ti\u00eau chu\u1ea9n c\u1ee7a ng\u01b0\u1eddi \u0111\u1eb7t h\u00e0ng.S\u1ea3n ph\u1ea9m S\u1ee3i xenlulo &gt; S\u1ee3i polyamide &gt; S\u1ee3i polyester &gt; Lo\u1ea1i s\u1ee3i kh\u00e1c &gt; Ti\u1ec1n x\u1eed l\u00fd &gt; Nhu\u1ed9m &gt; Ho\u00e0n t\u1ea5t &gt; Th\u01b0\u01a1ng hi\u1ec7uS\u1ea3n ph\u1ea9mCh\u1ea5t ph\u1ee5 tr\u1ee3 th\u1ebf h\u1ec7 m\u1edbi \u0111\u01b0\u1ee3c t\u1ed5ng h\u1ee3p b\u1eaft \u0111\u1ea7u t\u1eeb nguy\u00ean li\u1ec7u th\u00f4 t\u00e1i ch\u1ebf. Kh\u00e1m ph\u00e1 nhi\u1ec1u h\u01a1n &gt; Xem danh s\u00e1ch s\u1ea3n ph\u1ea9m &gt;ReactEVO: l\u00e0 m\u1ed9t quy tr\u00ecnh \u0111\u01b0a ra kh\u00e1i ni\u1ec7m ho\u00e0n to\u00e0n m\u1edbi v\u1ec1 qui tr\u00ecnh x\u1eed l\u00fd sau nhu\u1ed9m b\u1eb1ng thu\u1ed1c nhu\u1ed9m ho\u1ea1t t\u00ednh cho ph\u00e9p gi\u1ea3m \u0111\u00e1ng k\u1ec3 m\u1ee9c ti\u00eau [&hellip;]<\/p>\n","protected":false},"author":1,"featured_media":0,"parent":0,"menu_order":0,"comment_status":"closed","ping_status":"closed","template":"","meta":{"_et_pb_use_builder":"on","_et_pb_old_content":"","_et_gb_content_width":"","footnotes":""},"categories":[],"tags":[],"class_list":["post-57809","page","type-page","status-publish","hentry"],"_links":{"self":[{"href":"https:\/\/www.ercatcs.com\/vi\/wp-json\/wp\/v2\/pages\/57809","targetHints":{"allow":["GET"]}}],"collection":[{"href":"https:\/\/www.ercatcs.com\/vi\/wp-json\/wp\/v2\/pages"}],"about":[{"href":"https:\/\/www.ercatcs.com\/vi\/wp-json\/wp\/v2\/types\/page"}],"author":[{"embeddable":true,"href":"https:\/\/www.ercatcs.com\/vi\/wp-json\/wp\/v2\/users\/1"}],"replies":[{"embeddable":true,"href":"https:\/\/www.ercatcs.com\/vi\/wp-json\/wp\/v2\/comments?post=57809"}],"version-history":[{"count":11,"href":"https:\/\/www.ercatcs.com\/vi\/wp-json\/wp\/v2\/pages\/57809\/revisions"}],"predecessor-version":[{"id":58148,"href":"https:\/\/www.ercatcs.com\/vi\/wp-json\/wp\/v2\/pages\/57809\/revisions\/58148"}],"wp:attachment":[{"href":"https:\/\/www.ercatcs.com\/vi\/wp-json\/wp\/v2\/media?parent=57809"}],"wp:term":[{"taxonomy":"category","embeddable":true,"href":"https:\/\/www.ercatcs.com\/vi\/wp-json\/wp\/v2\/categories?post=57809"},{"taxonomy":"post_tag","embeddable":true,"href":"https:\/\/www.ercatcs.com\/vi\/wp-json\/wp\/v2\/tags?post=57809"}],"curies":[{"name":"wp","href":"https:\/\/api.w.org\/{rel}","templated":true}]}}