{"id":57800,"date":"2023-01-23T16:33:48","date_gmt":"2023-01-23T15:33:48","guid":{"rendered":"https:\/\/www.ercatcs.com\/nghien-cuu-va-phat-trien\/"},"modified":"2024-05-15T10:08:07","modified_gmt":"2024-05-15T08:08:07","slug":"nghien-cuu-va-phat-trien","status":"publish","type":"page","link":"https:\/\/www.ercatcs.com\/vi\/nghien-cuu-va-phat-trien\/","title":{"rendered":"Nghi\u00ean c\u1ee9u v\u00e0 Ph\u00e1t tri\u1ec3n"},"content":{"rendered":"<p>[et_pb_section fb_built=&#8221;1&#8243; fullwidth=&#8221;on&#8221; _builder_version=&#8221;4.16&#8243; _module_preset=&#8221;default&#8221; da_disable_devices=&#8221;off|off|off&#8221; locked=&#8221;off&#8221; global_colors_info=&#8221;{}&#8221; da_is_popup=&#8221;off&#8221; da_exit_intent=&#8221;off&#8221; da_has_close=&#8221;on&#8221; da_alt_close=&#8221;off&#8221; da_dark_close=&#8221;off&#8221; da_not_modal=&#8221;on&#8221; da_is_singular=&#8221;off&#8221; da_with_loader=&#8221;off&#8221; da_has_shadow=&#8221;on&#8221;][et_pb_fullwidth_header title=&#8221;@ET-DC@eyJkeW5hbWljIjp0cnVlLCJjb250ZW50IjoicG9zdF90aXRsZSIsInNldHRpbmdzIjp7ImJlZm9yZSI6IiIsImFmdGVyIjoiIn19@&#8221; _builder_version=&#8221;4.19.5&#8243; _dynamic_attributes=&#8221;title&#8221; _module_preset=&#8221;default&#8221; title_font=&#8221;||||||||&#8221; title_text_color=&#8221;rgba(0,0,0,0.8)&#8221; title_font_size=&#8221;60px&#8221; background_enable_color=&#8221;off&#8221; background_image=&#8221;https:\/\/www.ercatcs.com\/wp-content\/uploads\/2023\/02\/erca-tcs-rd.webp&#8221; custom_padding=&#8221;20%||8%||false|false&#8221; custom_padding_tablet=&#8221;28%||10%||false|false&#8221; custom_padding_phone=&#8221;25%||||false|false&#8221; custom_padding_last_edited=&#8221;on|tablet&#8221; title_font_size_tablet=&#8221;50px&#8221; title_font_size_phone=&#8221;40px&#8221; title_font_size_last_edited=&#8221;on|phone&#8221; global_colors_info=&#8221;{}&#8221;][\/et_pb_fullwidth_header][\/et_pb_section][et_pb_section fb_built=&#8221;1&#8243; _builder_version=&#8221;4.19.5&#8243; _module_preset=&#8221;default&#8221; custom_padding=&#8221;100px||100px||true|false&#8221; da_disable_devices=&#8221;off|off|off&#8221; global_colors_info=&#8221;{}&#8221; da_is_popup=&#8221;off&#8221; da_exit_intent=&#8221;off&#8221; da_has_close=&#8221;on&#8221; da_alt_close=&#8221;off&#8221; da_dark_close=&#8221;off&#8221; da_not_modal=&#8221;on&#8221; da_is_singular=&#8221;off&#8221; da_with_loader=&#8221;off&#8221; da_has_shadow=&#8221;on&#8221;][et_pb_row column_structure=&#8221;2_5,3_5&#8243; use_custom_gutter=&#8221;on&#8221; make_equal=&#8221;on&#8221; _builder_version=&#8221;4.16&#8243; _module_preset=&#8221;default&#8221; global_colors_info=&#8221;{}&#8221;][et_pb_column type=&#8221;2_5&#8243; _builder_version=&#8221;4.16&#8243; _module_preset=&#8221;default&#8221; global_colors_info=&#8221;{}&#8221;][et_pb_image src=&#8221;https:\/\/www.ercatcs.com\/wp-content\/uploads\/2023\/01\/marine-drop-box-370.png&#8221; title_text=&#8221;Erca-TCS-R&amp;D&#8221; force_fullwidth=&#8221;on&#8221; _builder_version=&#8221;4.20.2&#8243; _module_preset=&#8221;default&#8221; background_image=&#8221;https:\/\/www.ercatcs.com\/wp-content\/uploads\/2023\/03\/Erca-TCS-RD.jpg&#8221; global_colors_info=&#8221;{}&#8221;][\/et_pb_image][\/et_pb_column][et_pb_column type=&#8221;3_5&#8243; module_class=&#8221;iq-centra-verticale&#8221; _builder_version=&#8221;4.16&#8243; _module_preset=&#8221;default&#8221; global_colors_info=&#8221;{}&#8221;][et_pb_text _builder_version=&#8221;4.19.5&#8243; _module_preset=&#8221;default&#8221; text_font=&#8221;Montserrat||||||||&#8221; global_colors_info=&#8221;{}&#8221;]<\/p>\n<p>ERCA TCS \u0111\u01b0\u1ee3c trang b\u1ecb m\u1ed9t trung t\u00e2m nghi\u00ean c\u1ee9u v\u00e0 ph\u00e1t tri\u1ec3n ti\u00ean ti\u1ebfn, n\u01a1i c\u00e1c h\u00f3a ch\u1ea5t chuy\u00ean d\u1ee5ng v\u00e0 c\u00e1c h\u00f3a ch\u1ea5t trung gian \u0111\u01b0\u1ee3c nghi\u00ean c\u1ee9u v\u00e0 thi\u1ebft k\u1ebf \u0111\u1ec3 tr\u1edf th\u00e0nh nguy\u00ean li\u1ec7u tu\u1ea7n ho\u00e0n cho s\u1ea3n ph\u1ea9m may m\u1eb7c \u0111\u1ed3ng b\u1ed9 v\u00e0 b\u1ec1n v\u1eefng.<br \/>R&amp;D l\u00e0 n\u01a1i s\u1ef1 \u0111\u1ed5i m\u1edbi \u0111\u01b0\u1ee3c \u0111\u1ecbnh h\u00ecnh v\u00e0 \u0111\u1ea1t \u0111\u01b0\u1ee3c theo v\u00f2ng tu\u1ea7n ho\u00e0n.<\/p>\n<p> R&amp;D ho\u1ea1t \u0111\u1ed9ng d\u1ef1a tr\u00ean c\u00e1c d\u1ef1 \u00e1n v\u00e0 th\u1ef1c hi\u1ec7n c\u00f4ng vi\u1ec7c theo ba giai \u0111o\u1ea1n:<\/p>\n<ul>\n<li>Hi\u1ec3u r\u00f5 c\u00e1c m\u1ee5c ti\u00eau ho\u1ea1t \u0111\u1ed9ng v\u00e0 x\u00e1c \u0111\u1ecbnh c\u00e1c nguy\u00ean t\u1eafc li\u00ean quan \u0111\u1ebfn nguy\u00ean li\u1ec7u th\u00f4, s\u1ea3n ph\u1ea9m trung gian v\u00e0 quy tr\u00ecnh;<\/li>\n<li>X\u00e1c \u0111\u1ecbnh c\u00e1ch s\u1ea3n xu\u1ea5t theo c\u00e1ch tu\u1ea7n ho\u00e0n v\u00e0 c\u1ea1nh tranh;<\/li>\n<li>Ph\u00e2n t\u00edch hi\u1ec7u su\u1ea5t \u1ee9ng d\u1ee5ng, t\u00ednh to\u00e1n t\u00e1c \u0111\u1ed9ng m\u00f4i tr\u01b0\u1eddng v\u00e0 gi\u00e1m s\u00e1t d\u1ef1 \u00e1n cho \u0111\u1ebfn khi n\u00f3 s\u1eb5n s\u00e0ng gia nh\u1eadp th\u1ecb tr\u01b0\u1eddng.<\/li>\n<\/ul>\n<p>V\u1edbi t\u01b0 c\u00e1ch l\u00e0 ERCA TCS, ch\u00fang t\u00f4i c\u0169ng h\u1ee3p t\u00e1c ch\u1eb7t ch\u1ebd v\u1edbi c\u00e1c ph\u00f2ng th\u00ed nghi\u1ec7m v\u00e0 t\u1ed5 ch\u1ee9c h\u1ecdc thu\u1eadt b\u00ean ngo\u00e0i \u0111\u1ee7 ti\u00eau chu\u1ea9n \u0111\u1ec3 c\u00f3 \u0111\u01b0\u1ee3c b\u00ed quy\u1ebft v\u00e0 chuy\u00ean m\u00f4n cao nh\u1ea5t.<\/p>\n<p>[\/et_pb_text][\/et_pb_column][\/et_pb_row][\/et_pb_section][et_pb_section fb_built=&#8221;1&#8243; _builder_version=&#8221;4.19.5&#8243; _module_preset=&#8221;default&#8221; custom_padding=&#8221;0px||100px||false|false&#8221; da_disable_devices=&#8221;off|off|off&#8221; locked=&#8221;off&#8221; global_colors_info=&#8221;{}&#8221; da_is_popup=&#8221;off&#8221; da_exit_intent=&#8221;off&#8221; da_has_close=&#8221;on&#8221; da_alt_close=&#8221;off&#8221; da_dark_close=&#8221;off&#8221; da_not_modal=&#8221;on&#8221; da_is_singular=&#8221;off&#8221; da_with_loader=&#8221;off&#8221; da_has_shadow=&#8221;on&#8221;][et_pb_row column_structure=&#8221;1_2,1_2&#8243; custom_padding_last_edited=&#8221;on|tablet&#8221; _builder_version=&#8221;4.19.4&#8243; _module_preset=&#8221;default&#8221; background_color=&#8221;#977248&#8243; background_enable_image=&#8221;off&#8221; background_size=&#8221;initial&#8221; background_position=&#8221;bottom_left&#8221; custom_margin_tablet=&#8221;&#8221; custom_margin_phone=&#8221;||||false|false&#8221; custom_margin_last_edited=&#8221;on|phone&#8221; custom_padding=&#8221;50px|50px|50px|50px|true|true&#8221; custom_padding_tablet=&#8221;||50px||false|true&#8221; custom_padding_phone=&#8221;50px|50px|50px|50px|false|true&#8221; global_colors_info=&#8221;{}&#8221;][et_pb_column type=&#8221;1_2&#8243; _builder_version=&#8221;4.16&#8243; _module_preset=&#8221;default&#8221; global_colors_info=&#8221;{}&#8221;][et_pb_text _builder_version=&#8221;4.19.4&#8243; _module_preset=&#8221;default&#8221; header_2_font=&#8221;|||on|||||&#8221; header_2_text_color=&#8221;#FFFFFF&#8221; header_2_font_size=&#8221;46px&#8221; global_colors_info=&#8221;{}&#8221;]<\/p>\n<h2>S\u1ea3n ph\u1ea9m<\/h2>\n<p>[\/et_pb_text][\/et_pb_column][et_pb_column type=&#8221;1_2&#8243; _builder_version=&#8221;4.16&#8243; _module_preset=&#8221;default&#8221; global_colors_info=&#8221;{}&#8221;][et_pb_toggle title=&#8221;Theo lo\u1ea1i s\u1ee3i&#8221; open_toggle_text_color=&#8221;#FFFFFF&#8221; closed_toggle_text_color=&#8221;#FFFFFF&#8221; icon_color=&#8221;#FFFFFF&#8221; open_icon_color=&#8221;#FFFFFF&#8221; _builder_version=&#8221;4.20.2&#8243; _module_preset=&#8221;default&#8221; title_text_color=&#8221;#FFFFFF&#8221; title_level=&#8221;h4&#8243; title_font=&#8221;|||on|||||&#8221; title_font_size=&#8221;18px&#8221; body_text_color=&#8221;rgba(255,255,255,0.8)&#8221; body_link_font=&#8221;||||on||||&#8221; body_link_text_color=&#8221;#FFFFFF&#8221; background_color=&#8221;RGBA(255,255,255,0)&#8221; custom_padding=&#8221;||0px||false|false&#8221; hover_enabled=&#8221;0&#8243; border_width_all=&#8221;0px&#8221; global_colors_info=&#8221;{}&#8221; sticky_enabled=&#8221;0&#8243;]<\/p>\n<ul>\n<li><a href=\"https:\/\/www.ercatcs.com\/product-range\/?wpf=categories&amp;wpf_cols=3&amp;wpf_page=1&amp;wpf_fibres=cellulosic\">S\u1ee3i xenlulo &gt;<\/a><br \/><a href=\"\/product-range\/?wpf=categories&amp;wpf_cols=3&amp;wpf_fibres=polyamide\"><\/a><\/li>\n<li><a href=\"https:\/\/www.ercatcs.com\/product-range\/?wpf=categories&amp;wpf_cols=3&amp;wpf_fibres=polyamide\">S\u1ee3i polyamide &gt;<\/a><\/li>\n<li><a href=\"https:\/\/www.ercatcs.com\/product-range\/?wpf=categories&amp;wpf_cols=3&amp;wpf_fibres=polyester\">S\u1ee3i polyester &gt;<\/a><\/li>\n<li><a href=\"https:\/\/www.ercatcs.com\/product-range\/?wpf=categories&amp;wpf_cols=3&amp;wpf_fibres=others\">Kh\u00e1c &gt;<\/a><\/li>\n<\/ul>\n<p>[\/et_pb_toggle][et_pb_divider color=&#8221;#FFFFFF&#8221; divider_position=&#8221;center&#8221; _builder_version=&#8221;4.19.4&#8243; _module_preset=&#8221;default&#8221; custom_margin=&#8221;0px||0px||true|false&#8221; global_colors_info=&#8221;{}&#8221;][\/et_pb_divider][et_pb_toggle title=&#8221;Theo quy tr\u00ecnh&#8221; open_toggle_text_color=&#8221;#FFFFFF&#8221; closed_toggle_text_color=&#8221;#FFFFFF&#8221; icon_color=&#8221;#FFFFFF&#8221; open_icon_color=&#8221;#FFFFFF&#8221; _builder_version=&#8221;4.20.2&#8243; _module_preset=&#8221;default&#8221; title_text_color=&#8221;#FFFFFF&#8221; title_level=&#8221;h4&#8243; title_font=&#8221;|||on|||||&#8221; title_font_size=&#8221;18px&#8221; body_text_color=&#8221;rgba(255,255,255,0.8)&#8221; body_link_font=&#8221;||||on||||&#8221; body_link_text_color=&#8221;#FFFFFF&#8221; background_color=&#8221;RGBA(255,255,255,0)&#8221; hover_enabled=&#8221;0&#8243; border_width_all=&#8221;0px&#8221; global_colors_info=&#8221;{}&#8221; sticky_enabled=&#8221;0&#8243;]<\/p>\n<ul>\n<li><a href=\"https:\/\/www.ercatcs.com\/product-range\/?wpf=categories&amp;wpf_cols=3&amp;wpf_process=pretreatment\">Ti\u1ec1n x\u1eed l\u00fd &gt;<\/a><\/li>\n<li><a href=\"https:\/\/www.ercatcs.com\/product-range\/?wpf=categories&amp;wpf_cols=3&amp;wpf_process=dyeing\">Nhu\u1ed9m &gt;<\/a><\/li>\n<li><a href=\"https:\/\/www.ercatcs.com\/product-range\/?wpf=categories&amp;wpf_cols=3&amp;wpf_process=finishing\">Ho\u00e0n t\u1ea5t &gt;<\/a><\/li>\n<\/ul>\n<p>[\/et_pb_toggle][\/et_pb_column][\/et_pb_row][\/et_pb_section]<\/p>\n","protected":false},"excerpt":{"rendered":"<p>ERCA TCS \u0111\u01b0\u1ee3c trang b\u1ecb m\u1ed9t trung t\u00e2m nghi\u00ean c\u1ee9u v\u00e0 ph\u00e1t tri\u1ec3n ti\u00ean ti\u1ebfn, n\u01a1i c\u00e1c h\u00f3a ch\u1ea5t chuy\u00ean d\u1ee5ng v\u00e0 c\u00e1c h\u00f3a ch\u1ea5t trung gian \u0111\u01b0\u1ee3c nghi\u00ean c\u1ee9u v\u00e0 thi\u1ebft k\u1ebf \u0111\u1ec3 tr\u1edf th\u00e0nh nguy\u00ean li\u1ec7u tu\u1ea7n ho\u00e0n cho s\u1ea3n ph\u1ea9m may m\u1eb7c \u0111\u1ed3ng b\u1ed9 v\u00e0 b\u1ec1n v\u1eefng.R&amp;D l\u00e0 n\u01a1i s\u1ef1 \u0111\u1ed5i m\u1edbi \u0111\u01b0\u1ee3c \u0111\u1ecbnh h\u00ecnh v\u00e0 \u0111\u1ea1t \u0111\u01b0\u1ee3c theo v\u00f2ng tu\u1ea7n ho\u00e0n. R&amp;D ho\u1ea1t \u0111\u1ed9ng d\u1ef1a tr\u00ean c\u00e1c d\u1ef1 \u00e1n v\u00e0 th\u1ef1c hi\u1ec7n c\u00f4ng vi\u1ec7c theo ba giai \u0111o\u1ea1n: Hi\u1ec3u r\u00f5 c\u00e1c m\u1ee5c ti\u00eau ho\u1ea1t \u0111\u1ed9ng v\u00e0 x\u00e1c \u0111\u1ecbnh c\u00e1c nguy\u00ean t\u1eafc li\u00ean quan \u0111\u1ebfn nguy\u00ean li\u1ec7u th\u00f4, s\u1ea3n ph\u1ea9m trung gian v\u00e0 quy tr\u00ecnh; X\u00e1c \u0111\u1ecbnh c\u00e1ch s\u1ea3n xu\u1ea5t theo c\u00e1ch tu\u1ea7n ho\u00e0n v\u00e0 c\u1ea1nh tranh; Ph\u00e2n t\u00edch hi\u1ec7u su\u1ea5t \u1ee9ng d\u1ee5ng, t\u00ednh to\u00e1n t\u00e1c \u0111\u1ed9ng m\u00f4i tr\u01b0\u1eddng v\u00e0 gi\u00e1m s\u00e1t d\u1ef1 \u00e1n cho \u0111\u1ebfn khi n\u00f3 s\u1eb5n s\u00e0ng gia nh\u1eadp th\u1ecb tr\u01b0\u1eddng. V\u1edbi t\u01b0 c\u00e1ch l\u00e0 ERCA TCS, ch\u00fang t\u00f4i c\u0169ng h\u1ee3p t\u00e1c ch\u1eb7t ch\u1ebd v\u1edbi c\u00e1c ph\u00f2ng th\u00ed nghi\u1ec7m v\u00e0 t\u1ed5 ch\u1ee9c h\u1ecdc thu\u1eadt b\u00ean ngo\u00e0i \u0111\u1ee7 ti\u00eau chu\u1ea9n \u0111\u1ec3 c\u00f3 \u0111\u01b0\u1ee3c b\u00ed quy\u1ebft v\u00e0 chuy\u00ean m\u00f4n cao nh\u1ea5t.S\u1ea3n ph\u1ea9m S\u1ee3i xenlulo &gt; S\u1ee3i polyamide &gt; S\u1ee3i polyester &gt; Kh\u00e1c &gt; Ti\u1ec1n x\u1eed l\u00fd [&hellip;]<\/p>\n","protected":false},"author":1,"featured_media":0,"parent":0,"menu_order":0,"comment_status":"closed","ping_status":"closed","template":"","meta":{"_et_pb_use_builder":"on","_et_pb_old_content":"","_et_gb_content_width":"","footnotes":""},"categories":[],"tags":[],"class_list":["post-57800","page","type-page","status-publish","hentry"],"_links":{"self":[{"href":"https:\/\/www.ercatcs.com\/vi\/wp-json\/wp\/v2\/pages\/57800","targetHints":{"allow":["GET"]}}],"collection":[{"href":"https:\/\/www.ercatcs.com\/vi\/wp-json\/wp\/v2\/pages"}],"about":[{"href":"https:\/\/www.ercatcs.com\/vi\/wp-json\/wp\/v2\/types\/page"}],"author":[{"embeddable":true,"href":"https:\/\/www.ercatcs.com\/vi\/wp-json\/wp\/v2\/users\/1"}],"replies":[{"embeddable":true,"href":"https:\/\/www.ercatcs.com\/vi\/wp-json\/wp\/v2\/comments?post=57800"}],"version-history":[{"count":5,"href":"https:\/\/www.ercatcs.com\/vi\/wp-json\/wp\/v2\/pages\/57800\/revisions"}],"predecessor-version":[{"id":57933,"href":"https:\/\/www.ercatcs.com\/vi\/wp-json\/wp\/v2\/pages\/57800\/revisions\/57933"}],"wp:attachment":[{"href":"https:\/\/www.ercatcs.com\/vi\/wp-json\/wp\/v2\/media?parent=57800"}],"wp:term":[{"taxonomy":"category","embeddable":true,"href":"https:\/\/www.ercatcs.com\/vi\/wp-json\/wp\/v2\/categories?post=57800"},{"taxonomy":"post_tag","embeddable":true,"href":"https:\/\/www.ercatcs.com\/vi\/wp-json\/wp\/v2\/tags?post=57800"}],"curies":[{"name":"wp","href":"https:\/\/api.w.org\/{rel}","templated":true}]}}