{"id":54375,"date":"2022-02-21T13:38:30","date_gmt":"2022-02-21T12:38:30","guid":{"rendered":"https:\/\/www.ercatcs.com\/product\/blancolux-2rn-av\/"},"modified":"2024-07-02T10:35:52","modified_gmt":"2024-07-02T08:35:52","slug":"blancolux-2rn-av","status":"publish","type":"product","link":"https:\/\/www.ercatcs.com\/it\/product\/blancolux-2rn-av\/","title":{"rendered":"Blancolux\u00ae 2RN\/AV"},"content":{"rendered":"<h3>Candeggiante ottico nuanzato a fiamma violetta intensa per fibre cellulosiche, a bassissima sostantivit\u00e0 ed elevata stabilit\u00e0 a pH acido.<\/h3>\n<p>&nbsp;<\/p>\n<div style=\"overflow-x: auto;\">\n<table style=\"height: 200px; width: 100%; border-collapse: collapse; float: left;\" border=\"1\" cellpadding=\"20px\">\n<tbody>\n<tr style=\"height: 0px;\">\n<td style=\"text-align: center; height: 0px; width: 20%; background-color: #f7f7f7;\"><strong>Nome prodotto<\/strong><\/td>\n<td style=\"text-align: center; height: 0px; width: 15%; background-color: #f7f7f7;\"><strong> Certificazioni <\/strong><\/td>\n<td style=\"text-align: center; height: 0px; width: 15%; background-color: #f7f7f7;\"><strong>Carica Ionica<\/strong><\/td>\n<td style=\"text-align: center; height: 0px; width: 15%; background-color: #f7f7f7;\"><strong>Sostantivit\u00e0<\/strong><\/td>\n<td style=\"text-align: center; height: 0px; width: 15%; background-color: #f7f7f7;\"><strong>Fibre<\/strong><\/td>\n<td style=\"text-align: center; height: 0px; width: 20%; background-color: #f7f7f7;\"><strong>Fiamma<\/strong><\/td>\n<\/tr>\n<tr style=\"height: 24px;\">\n<td style=\"width: 20%; height: 24px; text-align: center;\">Blancolux\u00ae 2RN\/AV<\/td>\n<td style=\"width: 15%; height: 24px; text-align: center;\"><img decoding=\"async\" src=\"https:\/\/www.ercatcs.com\/wp-content\/uploads\/2021\/12\/Pallina-Verde-e1640266441784-02.png\"><\/td>\n<td style=\"width: 15%; height: 24px; text-align: center;\">AN<\/td>\n<td style=\"width: 15%; height: 24px; text-align: center;\">Bassissima<\/td>\n<td style=\"width: 15%; height: 24px; text-align: center;\">Cellulosiche<\/td>\n<td style=\"width: 20%; height: 24px; text-align: center;\">Fortemente viola<\/td>\n<\/tr>\n<\/tbody>\n<\/table>\n<\/div>\n<p>&nbsp;<\/p>\n<p><strong>Certificazioni<\/strong><\/p>\n<p><img decoding=\"async\" src=\"https:\/\/www.ercatcs.com\/wp-content\/uploads\/2021\/12\/Pallina-Verde-e1640266441784-02.png\"> Approvato GOTS.<\/p>\n","protected":false},"excerpt":{"rendered":"<p>Candeggiante ottico nuanzato a fiamma violetta intensa per fibre cellulosiche, a bassissima sostantivit\u00e0 ed elevata stabilit\u00e0 a pH acido. &nbsp; Nome prodotto Certificazioni Carica Ionica Sostantivit\u00e0 Fibre Fiamma Blancolux\u00ae 2RN\/AV AN Bassissima Cellulosiche Fortemente viola &nbsp; Certificazioni Approvato GOTS.<\/p>\n","protected":false},"featured_media":51358,"comment_status":"open","ping_status":"closed","template":"","meta":{"_et_pb_use_builder":"off","_et_pb_old_content":"<h3>Optical brightener with very low affinity and neutral reddish shade; excellent stability to strong acidic pH (1 \u2013 12). Very high whiteness for its good developing and diffusing behaviours.\nHighly recommended for pad dry application, especially in combination with crosslinking resins and catalysts.<\/h3>\n<table style=\"height: 200px;width: 100%;border-collapse: collapse;float: left\" border=\"1\">\n<tbody>\n<tr style=\"height: 0px\">\n<td style=\"text-align: center;height: 0px;width: 25%;background-color: #f7f7f7\"><strong>Nome prodotto<\/strong><\/td>\n<td style=\"text-align: center;height: 0px;width: 15%;background-color: #f7f7f7\"><strong> Certificazioni <\/strong><\/td>\n<td style=\"text-align: center;height: 0px;width: 15%;background-color: #f7f7f7\"><strong>Carica Ionica<\/strong><\/td>\n<td style=\"text-align: center;height: 0px;width: 20%;background-color: #f7f7f7\"><strong>Sostantivit\u00e0<\/strong><\/td>\n<td style=\"text-align: center;height: 0px;width: 20%;background-color: #f7f7f7\"><strong>Fiamma<\/strong><\/td>\n<\/tr>\n<tr style=\"height: 24px\">\n<td style=\"width: 20%;height: 24px;text-align: center\">Blancolux\u00ae RL<\/td>\n<td style=\"width: 20%;height: 24px;text-align: center\"><img src=\"https:\/\/www.ercatcs.com\/wp-content\/uploads\/2021\/12\/Pallina-Rossa-e1640266423767.png\"> <img src=\"https:\/\/www.ercatcs.com\/wp-content\/uploads\/2021\/12\/Pallina-Verde-e1640266441784-02.png\"><\/td>\n<td style=\"width: 20%;height: 24px;text-align: center\">AN<\/td>\n<td style=\"width: 20%;height: 24px;text-align: center\">Bassissima<\/td>\n<td style=\"width: 20%;height: 24px;text-align: center\">Neutra rossa<\/td>\n<\/tr>\n<\/tbody>\n<\/table>\n \n\n \n\n<strong>Certificazioni<\/strong>\n\n<img src=\"https:\/\/www.ercatcs.com\/wp-content\/uploads\/2021\/12\/Pallina-Rossa-e1640266423767.png\"> Inserito nel Gateway di ZDHC.\n<img src=\"https:\/\/www.ercatcs.com\/wp-content\/uploads\/2021\/12\/Pallina-Verde-e1640266441784-02.png\"> Approvato GOTS.","_et_gb_content_width":""},"product_brand":[],"product_cat":[154,153],"product_tag":[],"class_list":{"0":"post-54375","1":"product","2":"type-product","3":"status-publish","4":"has-post-thumbnail","6":"product_cat-blancolux-it","7":"product_cat-uncategorized-it","9":"first","10":"instock","11":"shipping-taxable","12":"product-type-simple"},"_links":{"self":[{"href":"https:\/\/www.ercatcs.com\/it\/wp-json\/wp\/v2\/product\/54375","targetHints":{"allow":["GET"]}}],"collection":[{"href":"https:\/\/www.ercatcs.com\/it\/wp-json\/wp\/v2\/product"}],"about":[{"href":"https:\/\/www.ercatcs.com\/it\/wp-json\/wp\/v2\/types\/product"}],"replies":[{"embeddable":true,"href":"https:\/\/www.ercatcs.com\/it\/wp-json\/wp\/v2\/comments?post=54375"}],"wp:featuredmedia":[{"embeddable":true,"href":"https:\/\/www.ercatcs.com\/it\/wp-json\/wp\/v2\/media\/51358"}],"wp:attachment":[{"href":"https:\/\/www.ercatcs.com\/it\/wp-json\/wp\/v2\/media?parent=54375"}],"wp:term":[{"taxonomy":"product_brand","embeddable":true,"href":"https:\/\/www.ercatcs.com\/it\/wp-json\/wp\/v2\/product_brand?post=54375"},{"taxonomy":"product_cat","embeddable":true,"href":"https:\/\/www.ercatcs.com\/it\/wp-json\/wp\/v2\/product_cat?post=54375"},{"taxonomy":"product_tag","embeddable":true,"href":"https:\/\/www.ercatcs.com\/it\/wp-json\/wp\/v2\/product_tag?post=54375"}],"curies":[{"name":"wp","href":"https:\/\/api.w.org\/{rel}","templated":true}]}}